{"id":765,"date":"2014-10-23T11:45:51","date_gmt":"2014-10-23T10:45:51","guid":{"rendered":"http:\/\/www.parlonslamort.fr\/?page_id=765"},"modified":"2023-05-04T18:14:43","modified_gmt":"2023-05-04T17:14:43","slug":"presse","status":"publish","type":"page","link":"https:\/\/www.parlonslamort.fr\/?page_id=765","title":{"rendered":"Presse"},"content":{"rendered":"<div class=\"su-row\">\n<div class=\"su-column su-column-size-1-2\"><div class=\"su-column-inner su-u-clearfix su-u-trim\">\n<h4><span style=\"color: #f36b21;\">CONF\u00c9RENCE DE PRESSE NATIONALE (Paris) : jeudi 23 octobre 2014<\/span><\/h4>\n<h4>Intervenants :<\/h4>\n<ul>\n<li><strong>Tugdual Derville<\/strong>, D\u00e9l\u00e9gu\u00e9 g\u00e9n\u00e9ral d\u2019Alliance VITA, initiateur et animateur de la campagne<\/li>\n<li><strong>Henri Desoos<\/strong>, animateur du service <em>SOS Fin de vie<\/em><\/li>\n<li><strong>Claire Pellissier<\/strong>, psychologue<\/li>\n<li><strong>Christian de Cacqueray<\/strong>, Directeur de la F\u00e9d\u00e9ration des Services Catholiques des Fun\u00e9railles et auteur de \u00ab\u00a0La mort confisqu\u00e9e\u00a0\u00bb (CLV 2005)<\/li>\n<li><strong>Marie-Line Mazet<\/strong>, coordinatrice de la campagne sur le Web<\/li>\n<\/ul>\n<h4><span style=\"text-decoration: underline;\"><strong>Communiqu\u00e9 de presse du 23 octobre 2014<\/strong><\/span><\/h4>\n<p><strong>A l\u2019approche du 2 novembre, jour des d\u00e9funts, Alliance VITA rend publiques les conclusions de son enqu\u00eate nationale \u00ab Parlons la mort\u00a0\u00bb.<\/strong><\/p>\n<p>La campagne \u00ab\u00a0Parlons la mort\u00a0\u00bb mobilise les \u00e9quipes d\u2019Alliance VITA depuis mai 2014. 1021 photographies verbatim ont \u00e9t\u00e9 recueillies \u00e0 l\u2019issue de \u00ab\u00a0conversations essentielles\u00a0\u00bb avec des passants abord\u00e9s dans la rue. Publi\u00e9es sur les r\u00e9seaux sociaux, elles ont aliment\u00e9 la r\u00e9flexion et les \u00e9changes sur un sujet tr\u00e8s souvent occult\u00e9.<\/p>\n<p>Ce 23 octobre 2014, devant la presse, \u00e0 la brasserie La Terrasse, a \u00e9t\u00e9 d\u00e9voil\u00e9e une s\u00e9lection de 20 photographies issues de la campagne, dans le cadre d&#8217;une exposition \u00e9ph\u00e9m\u00e8re, premi\u00e8re d&#8217;une s\u00e9rie de 36 autres dans toute la France. Ces expositions auront lieu d&#8217;ici le 2 novembre.<\/p>\n<p>Cet \u00e9v\u00e9nement s\u2019est d\u00e9roul\u00e9 en pr\u00e9sence de\u00a0:<\/p>\n<ul>\n<li><strong>Tugdual DERVILLE<\/strong>, D\u00e9l\u00e9gu\u00e9 g\u00e9n\u00e9ral d\u2019Alliance VITA, initiateur et coordinateur de la campagne\u00a0;<\/li>\n<li><strong>Claire PELLISSIER<\/strong>, Psychologue en soins palliatifs<\/li>\n<li><strong>Christian DE CACQUERAY<\/strong>, Directeur de la f\u00e9d\u00e9ration nationale des services catholiques des fun\u00e9railles<\/li>\n<li><strong>Henri DESOOS<\/strong>, Coordinateur du service d&#8217;\u00e9coute SOS Fin de vie<\/li>\n<li><strong>Marie-Line MAZET<\/strong>, Responsable de la campagne sur le Web<\/li>\n<li><strong>Aude TEMP\u00c9<\/strong>, Volontaire d&#8217;Alliance VITA<\/li>\n<\/ul>\n<p>Tugdual Derville a pr\u00e9sent\u00e9 les motifs et l&#8217;ampleur de la campagne\u00a0: &#8220;Environ 2000 conversations ont \u00e9t\u00e9 engag\u00e9es, dont 1500 ont \u00e9t\u00e9 approfondies, aboutissant \u00e0 plus de 1000 messages \u00e9crits et photographi\u00e9s avec leur auteur. Ces messages sont \u00e0 leur tour un bon moyen de lever une sorte de secret de famille qui impose le silence sur la mort.<\/p>\n<p>La r\u00e9ussite de notre campagne \u2018Parlons la mort\u2019 tient \u00e0 la posture d\u2019\u00e9coute bienveillante de nos volontaires. Beaucoup d\u2019entre eux ont \u00e9t\u00e9 marqu\u00e9s par la profondeur des \u00e9changes et le<strong> sentiment de paix<\/strong> qui en d\u00e9coulait, tant chez les enqu\u00eateurs que chez les personnes qui ont accept\u00e9 de partager leur regard sur la fin de vie, la mort et le deuil.<\/p>\n<p>Nous avons souvent \u00e9t\u00e9 \u00e9difi\u00e9s par le <strong>travail de lib\u00e9ration<\/strong> qui s\u2019effectue quand la mort est mise en mots. Les personnes endeuill\u00e9es portent souvent des <strong>messages de sagesse<\/strong>. Elles les estiment utiles pour vivre plus sereinement, en privil\u00e9giant l\u2019essentiel, et surtout la qualit\u00e9 des relations. Elles sont heureuses de partager ces messages. Si la mort incite \u00e0 la <strong>fraternit\u00e9 universelle<\/strong>, c\u2019est qu\u2019elle est un point commun, un lieu d\u2019<strong>expression de la fragilit\u00e9<\/strong>, de <strong>consentement \u00e0 la vuln\u00e9rabilit\u00e9<\/strong>. La mort, son approche et ses suites, sont comme des <strong>provocations \u00e0 plus de solidarit\u00e9<\/strong>, d\u2019entraide et d\u2019amour. L\u2019amour est, avec le mot vie, celui qu\u2019on retrouve la plus souvent dans les verbatim.\u00a0Pour Alliance VITA, l\u2019occultation de la mort est \u00e0 l\u2019origine de blocages, de peines et de peurs. Comm\u00e9morer les d\u00e9funts en osant parler de ce qui s\u2019est pass\u00e9 autour de leur mort donne des <strong>forces pour la vie<\/strong>. \u00bb<\/p>\n<p>La campagne \u00ab\u00a0Parlons la mort\u00a0\u00bb a suscit\u00e9 l&#8217;int\u00e9r\u00eat de plusieurs experts\u00a0: Jacques Ricot, philosophe, Christian de Cacqueray, professionnel du domaine fun\u00e9raire, Anne Davigo, sp\u00e9cialiste de l\u2019accompagnement du deuil, Tanguy Ch\u00e2tel, sociologue sp\u00e9cialiste de la fin de vie. Leurs regards crois\u00e9s ont \u00e9t\u00e9 compil\u00e9s dans un livre \u00e0 para\u00eetre dont quelques extraits sont r\u00e9v\u00e9l\u00e9s en avant-premi\u00e8re dans le dossier de presse (en pi\u00e8ce jointe).<\/p>\n<\/div><\/div>\n<div class=\"su-column su-column-size-1-2\"><div class=\"su-column-inner su-u-clearfix su-u-trim\">\n<h3><span style=\"color: #f36b21;\">ESPACE MEDIAS<\/span><\/h3>\n<p><iframe loading=\"lazy\" src=\"\/\/www.youtube.com\/embed\/b3U5ekKewpw\" width=\"560\" height=\"315\" frameborder=\"0\" allowfullscreen=\"allowfullscreen\"><\/iframe><\/p>\n<h4>Documents \u00e0 t\u00e9l\u00e9charger :<\/h4>\n<ul>\n<li><a href=\"https:\/\/www.parlonslamort.fr\/wp-content\/uploads\/2014\/10\/2014-10-20-Invitation-presse-enquete-sujet-mort-Alliance-VITA.pdf\">Invitation Conf\u00e9rence de presse &#8211; liste des experts invit\u00e9s (PDF)<\/a><\/li>\n<li><a href=\"https:\/\/www.parlonslamort.fr\/wp-content\/uploads\/2014\/10\/CP_parlonslamort_23102014.pdf\">Communiqu\u00e9 de presse du 23 octobre 2014 (PDF)<\/a><\/li>\n<li><a href=\"https:\/\/www.parlonslamort.fr\/wp-content\/uploads\/2014\/10\/PLM_dossier-de-presse_national.pdf\">Dossier de presse &#8220;parlons la mort&#8221; (PDF)<\/a><\/li>\n<\/ul>\n<h4><strong>Espace journaliste :\u00a0<\/strong><\/h4>\n<p>Dans cet espace <span style=\"text-decoration: underline;\">priv\u00e9,<\/span>\u00a0seront mis \u00e0 disposition des journalistes : <strong><a title=\"Espace priv\u00e9 - conf\u00e9rence de presse\" href=\"https:\/\/www.parlonslamort.fr\/conference-presse\/\" target=\"_blank\" rel=\"noopener\">cliquez sur le lien<\/a><\/strong><\/p>\n<ul>\n<li>Photos de l&#8217;exposition<\/li>\n<li>Photos de la conf\u00e9rence de presse<\/li>\n<li>Vid\u00e9o de l&#8217;int\u00e9gralit\u00e9 de la conf\u00e9rence de presse<\/li>\n<\/ul>\n<h4>Contact presse<\/h4>\n<p><strong>Charlotte Gautier : 06.67.77.14.80<\/strong><br \/>\nResponsable Relations Presse pour Alliance VITA<\/p>\n<p>&#8212;&#8212;&#8212;&#8212;&#8212;&#8212;&#8212;&#8212;&#8212;&#8212;&#8211;<\/p>\n<h4>Photos de la conf\u00e9rence de presse<\/h4>\n<p><iframe loading=\"lazy\" id=\"iframe\" src=\"http:\/\/flickrit.com\/slideshowholder.php?height=500&amp;width=500&amp;size=big&amp;keyword=confpresseplm&amp;thumbnails=0&amp;transition=0&amp;layoutType=fixed&amp;sort=0\" width=\"500\" height=\"510\" frameborder=\"0\" scrolling=\"no\"><\/iframe><br \/>\n<\/div><\/div>\n<\/div>\n","protected":false},"excerpt":{"rendered":"","protected":false},"author":2,"featured_media":0,"parent":0,"menu_order":0,"comment_status":"open","ping_status":"open","template":"sansbanner.php","meta":{"footnotes":""},"class_list":["post-765","page","type-page","status-publish","hentry"],"yoast_head":"<!-- This site is optimized with the Yoast SEO plugin v23.4 - https:\/\/yoast.com\/wordpress\/plugins\/seo\/ -->\n<title>Presse - Parlons la Mort<\/title>\n<meta name=\"robots\" content=\"index, follow, max-snippet:-1, max-image-preview:large, max-video-preview:-1\" \/>\n<link rel=\"canonical\" href=\"https:\/\/www.parlonslamort.fr\/?page_id=765\" \/>\n<meta property=\"og:locale\" content=\"fr_FR\" \/>\n<meta property=\"og:type\" content=\"article\" \/>\n<meta property=\"og:title\" content=\"Presse - Parlons la Mort\" \/>\n<meta property=\"og:url\" content=\"https:\/\/www.parlonslamort.fr\/?page_id=765\" \/>\n<meta property=\"og:site_name\" content=\"Parlons la Mort\" \/>\n<meta property=\"article:publisher\" content=\"https:\/\/www.facebook.com\/parlonslamort\" \/>\n<meta property=\"article:modified_time\" content=\"2023-05-04T17:14:43+00:00\" \/>\n<meta property=\"og:image\" content=\"https:\/\/www.parlonslamort.fr\/wp-content\/uploads\/2014\/05\/parlonslamort.jpg\" \/>\n\t<meta property=\"og:image:width\" content=\"500\" \/>\n\t<meta property=\"og:image:height\" content=\"500\" \/>\n\t<meta property=\"og:image:type\" content=\"image\/jpeg\" \/>\n<meta name=\"twitter:label1\" content=\"Dur\u00e9e de lecture estim\u00e9e\" \/>\n\t<meta name=\"twitter:data1\" content=\"4 minutes\" \/>\n<script type=\"application\/ld+json\" class=\"yoast-schema-graph\">{\"@context\":\"https:\/\/schema.org\",\"@graph\":[{\"@type\":\"WebPage\",\"@id\":\"https:\/\/www.parlonslamort.fr\/?page_id=765\",\"url\":\"https:\/\/www.parlonslamort.fr\/?page_id=765\",\"name\":\"Presse - Parlons la Mort\",\"isPartOf\":{\"@id\":\"https:\/\/www.parlonslamort.fr\/#website\"},\"datePublished\":\"2014-10-23T10:45:51+00:00\",\"dateModified\":\"2023-05-04T17:14:43+00:00\",\"breadcrumb\":{\"@id\":\"https:\/\/www.parlonslamort.fr\/?page_id=765#breadcrumb\"},\"inLanguage\":\"fr-FR\",\"potentialAction\":[{\"@type\":\"ReadAction\",\"target\":[\"https:\/\/www.parlonslamort.fr\/?page_id=765\"]}]},{\"@type\":\"BreadcrumbList\",\"@id\":\"https:\/\/www.parlonslamort.fr\/?page_id=765#breadcrumb\",\"itemListElement\":[{\"@type\":\"ListItem\",\"position\":1,\"name\":\"Accueil\",\"item\":\"https:\/\/www.parlonslamort.fr\/\"},{\"@type\":\"ListItem\",\"position\":2,\"name\":\"Presse\"}]},{\"@type\":\"WebSite\",\"@id\":\"https:\/\/www.parlonslamort.fr\/#website\",\"url\":\"https:\/\/www.parlonslamort.fr\/\",\"name\":\"Parlons la Mort\",\"description\":\"Qu&#039;est-ce que la mort nous dit de la vie ?\",\"potentialAction\":[{\"@type\":\"SearchAction\",\"target\":{\"@type\":\"EntryPoint\",\"urlTemplate\":\"https:\/\/www.parlonslamort.fr\/?s={search_term_string}\"},\"query-input\":{\"@type\":\"PropertyValueSpecification\",\"valueRequired\":true,\"valueName\":\"search_term_string\"}}],\"inLanguage\":\"fr-FR\"}]}<\/script>\n<!-- \/ Yoast SEO plugin. -->","yoast_head_json":{"title":"Presse - Parlons la Mort","robots":{"index":"index","follow":"follow","max-snippet":"max-snippet:-1","max-image-preview":"max-image-preview:large","max-video-preview":"max-video-preview:-1"},"canonical":"https:\/\/www.parlonslamort.fr\/?page_id=765","og_locale":"fr_FR","og_type":"article","og_title":"Presse - Parlons la Mort","og_url":"https:\/\/www.parlonslamort.fr\/?page_id=765","og_site_name":"Parlons la Mort","article_publisher":"https:\/\/www.facebook.com\/parlonslamort","article_modified_time":"2023-05-04T17:14:43+00:00","og_image":[{"width":500,"height":500,"url":"https:\/\/www.parlonslamort.fr\/wp-content\/uploads\/2014\/05\/parlonslamort.jpg","type":"image\/jpeg"}],"twitter_misc":{"Dur\u00e9e de lecture estim\u00e9e":"4 minutes"},"schema":{"@context":"https:\/\/schema.org","@graph":[{"@type":"WebPage","@id":"https:\/\/www.parlonslamort.fr\/?page_id=765","url":"https:\/\/www.parlonslamort.fr\/?page_id=765","name":"Presse - Parlons la Mort","isPartOf":{"@id":"https:\/\/www.parlonslamort.fr\/#website"},"datePublished":"2014-10-23T10:45:51+00:00","dateModified":"2023-05-04T17:14:43+00:00","breadcrumb":{"@id":"https:\/\/www.parlonslamort.fr\/?page_id=765#breadcrumb"},"inLanguage":"fr-FR","potentialAction":[{"@type":"ReadAction","target":["https:\/\/www.parlonslamort.fr\/?page_id=765"]}]},{"@type":"BreadcrumbList","@id":"https:\/\/www.parlonslamort.fr\/?page_id=765#breadcrumb","itemListElement":[{"@type":"ListItem","position":1,"name":"Accueil","item":"https:\/\/www.parlonslamort.fr\/"},{"@type":"ListItem","position":2,"name":"Presse"}]},{"@type":"WebSite","@id":"https:\/\/www.parlonslamort.fr\/#website","url":"https:\/\/www.parlonslamort.fr\/","name":"Parlons la Mort","description":"Qu&#039;est-ce que la mort nous dit de la vie ?","potentialAction":[{"@type":"SearchAction","target":{"@type":"EntryPoint","urlTemplate":"https:\/\/www.parlonslamort.fr\/?s={search_term_string}"},"query-input":{"@type":"PropertyValueSpecification","valueRequired":true,"valueName":"search_term_string"}}],"inLanguage":"fr-FR"}]}},"_links":{"self":[{"href":"https:\/\/www.parlonslamort.fr\/index.php?rest_route=\/wp\/v2\/pages\/765"}],"collection":[{"href":"https:\/\/www.parlonslamort.fr\/index.php?rest_route=\/wp\/v2\/pages"}],"about":[{"href":"https:\/\/www.parlonslamort.fr\/index.php?rest_route=\/wp\/v2\/types\/page"}],"author":[{"embeddable":true,"href":"https:\/\/www.parlonslamort.fr\/index.php?rest_route=\/wp\/v2\/users\/2"}],"replies":[{"embeddable":true,"href":"https:\/\/www.parlonslamort.fr\/index.php?rest_route=%2Fwp%2Fv2%2Fcomments&post=765"}],"version-history":[{"count":29,"href":"https:\/\/www.parlonslamort.fr\/index.php?rest_route=\/wp\/v2\/pages\/765\/revisions"}],"predecessor-version":[{"id":864,"href":"https:\/\/www.parlonslamort.fr\/index.php?rest_route=\/wp\/v2\/pages\/765\/revisions\/864"}],"wp:attachment":[{"href":"https:\/\/www.parlonslamort.fr\/index.php?rest_route=%2Fwp%2Fv2%2Fmedia&parent=765"}],"curies":[{"name":"wp","href":"https:\/\/api.w.org\/{rel}","templated":true}]}}