{"id":623,"date":"2014-10-21T10:18:19","date_gmt":"2014-10-21T09:18:19","guid":{"rendered":"http:\/\/v2.parlonslamort.fr\/?page_id=623"},"modified":"2014-10-23T15:39:10","modified_gmt":"2014-10-23T14:39:10","slug":"exposition-parlons-la-mort","status":"publish","type":"page","link":"https:\/\/www.parlonslamort.fr\/?page_id=623","title":{"rendered":"Liste des expositions dans toute la France"},"content":{"rendered":"<div class=\"su-row\">\n<div class=\"su-column su-column-size-1-2\"><div class=\"su-column-inner su-u-clearfix su-u-trim\">\n<p>A l&#8217;approche du jour des morts, le 2 novembre, plusieurs villes proposeront simultan\u00e9ment une exposition photo &#8220;Parlons la mort&#8221; \u00e0 partir d&#8217;une s\u00e9lection d&#8217;agrandissements r\u00e9alis\u00e9s pour l&#8217;occasion.<\/p>\n<p>Cette exposition, fruit de plusieurs mois d&#8217;enqu\u00eate sur la mort aupr\u00e8s des Fran\u00e7ais, rend\u00a0compte de la richesse des r\u00e9ponses collect\u00e9es par les \u00e9quipes VITA.<\/p>\n<h4>Visuels de l&#8217;exposition :<\/h4>\n<p>La s\u00e9lection a \u00e9t\u00e9 d\u00e9voil\u00e9e jeudi 23 octobre lors de la conf\u00e9rence de presse nationale, \u00e0 Paris<\/p>\n<p><iframe loading=\"lazy\" id=\"iframe\" src=\"http:\/\/flickrit.com\/slideshowholder.php?height=700&amp;width=500&amp;size=big&amp;keyword=expoplm&amp;thumbnails=0&amp;transition=0&amp;layoutType=fixed&amp;sort=0\" width=\"500\" height=\"710\" frameborder=\"0\" scrolling=\"no\"><\/iframe><\/p>\n<\/div><\/div>\n<div class=\"su-column su-column-size-1-2\"><div class=\"su-column-inner su-u-clearfix su-u-trim\">\n<h4>Trouvez l&#8217;exposition la plus proche de chez vous<\/h4>\n<p>36 villes de France proposeront d&#8217;ici le 2 novembre, une exposition temporaire pr\u00e9sentant cette s\u00e9lection. Cliquez sur les points de la carte pour trouver l&#8217;exposition la plus proche de chez vous !<\/p>\n<p><iframe loading=\"lazy\" src=\"https:\/\/mapsengine.google.com\/map\/embed?mid=zEuhdhngqQuQ.kf-4A9INRR18\" width=\"740\" height=\"580\"><\/iframe><\/div><\/div>\n<\/div>\n","protected":false},"excerpt":{"rendered":"<p>Cette exposition, fruit de plusieurs mois d&#8217;enqu\u00eate sur la mort aupr\u00e8s des Fran\u00e7ais, rend compte de la richesse des r\u00e9ponses collect\u00e9es par les \u00e9quipes VITA.<\/p>\n","protected":false},"author":2,"featured_media":664,"parent":5,"menu_order":6,"comment_status":"open","ping_status":"closed","template":"campagne.php","meta":{"footnotes":""},"class_list":["post-623","page","type-page","status-publish","has-post-thumbnail","hentry"],"yoast_head":"<!-- This site is optimized with the Yoast SEO plugin v23.4 - https:\/\/yoast.com\/wordpress\/plugins\/seo\/ -->\n<title>Liste des expositions dans toute la France - Parlons la Mort<\/title>\n<meta name=\"robots\" content=\"index, follow, max-snippet:-1, max-image-preview:large, max-video-preview:-1\" \/>\n<link rel=\"canonical\" href=\"https:\/\/www.parlonslamort.fr\/?page_id=623\" \/>\n<meta property=\"og:locale\" content=\"fr_FR\" \/>\n<meta property=\"og:type\" content=\"article\" \/>\n<meta property=\"og:title\" content=\"Liste des expositions dans toute la France - Parlons la Mort\" \/>\n<meta property=\"og:description\" content=\"Cette exposition, fruit de plusieurs mois d&#039;enqu\u00eate sur la mort aupr\u00e8s des Fran\u00e7ais, rend compte de la richesse des r\u00e9ponses collect\u00e9es par les \u00e9quipes VITA.\" \/>\n<meta property=\"og:url\" content=\"https:\/\/www.parlonslamort.fr\/?page_id=623\" \/>\n<meta property=\"og:site_name\" content=\"Parlons la Mort\" \/>\n<meta property=\"article:publisher\" content=\"https:\/\/www.facebook.com\/parlonslamort\" \/>\n<meta property=\"article:modified_time\" content=\"2014-10-23T14:39:10+00:00\" \/>\n<meta property=\"og:image\" content=\"https:\/\/www.parlonslamort.fr\/wp-content\/uploads\/2014\/10\/exposition_parlonslamort_france.jpg\" \/>\n\t<meta property=\"og:image:width\" content=\"500\" \/>\n\t<meta property=\"og:image:height\" content=\"500\" \/>\n\t<meta property=\"og:image:type\" content=\"image\/jpeg\" \/>\n<meta name=\"twitter:label1\" content=\"Dur\u00e9e de lecture estim\u00e9e\" \/>\n\t<meta name=\"twitter:data1\" content=\"1 minute\" \/>\n<script type=\"application\/ld+json\" class=\"yoast-schema-graph\">{\"@context\":\"https:\/\/schema.org\",\"@graph\":[{\"@type\":\"WebPage\",\"@id\":\"https:\/\/www.parlonslamort.fr\/?page_id=623\",\"url\":\"https:\/\/www.parlonslamort.fr\/?page_id=623\",\"name\":\"Liste des expositions dans toute la France - Parlons la Mort\",\"isPartOf\":{\"@id\":\"https:\/\/www.parlonslamort.fr\/#website\"},\"primaryImageOfPage\":{\"@id\":\"https:\/\/www.parlonslamort.fr\/?page_id=623#primaryimage\"},\"image\":{\"@id\":\"https:\/\/www.parlonslamort.fr\/?page_id=623#primaryimage\"},\"thumbnailUrl\":\"https:\/\/www.parlonslamort.fr\/wp-content\/uploads\/2014\/10\/exposition_parlonslamort_france.jpg\",\"datePublished\":\"2014-10-21T09:18:19+00:00\",\"dateModified\":\"2014-10-23T14:39:10+00:00\",\"breadcrumb\":{\"@id\":\"https:\/\/www.parlonslamort.fr\/?page_id=623#breadcrumb\"},\"inLanguage\":\"fr-FR\",\"potentialAction\":[{\"@type\":\"ReadAction\",\"target\":[\"https:\/\/www.parlonslamort.fr\/?page_id=623\"]}]},{\"@type\":\"ImageObject\",\"inLanguage\":\"fr-FR\",\"@id\":\"https:\/\/www.parlonslamort.fr\/?page_id=623#primaryimage\",\"url\":\"https:\/\/www.parlonslamort.fr\/wp-content\/uploads\/2014\/10\/exposition_parlonslamort_france.jpg\",\"contentUrl\":\"https:\/\/www.parlonslamort.fr\/wp-content\/uploads\/2014\/10\/exposition_parlonslamort_france.jpg\",\"width\":500,\"height\":500},{\"@type\":\"BreadcrumbList\",\"@id\":\"https:\/\/www.parlonslamort.fr\/?page_id=623#breadcrumb\",\"itemListElement\":[{\"@type\":\"ListItem\",\"position\":1,\"name\":\"Accueil\",\"item\":\"https:\/\/www.parlonslamort.fr\/\"},{\"@type\":\"ListItem\",\"position\":2,\"name\":\"La campagne\",\"item\":\"https:\/\/www.parlonslamort.fr\/?page_id=5\"},{\"@type\":\"ListItem\",\"position\":3,\"name\":\"Liste des expositions dans toute la France\"}]},{\"@type\":\"WebSite\",\"@id\":\"https:\/\/www.parlonslamort.fr\/#website\",\"url\":\"https:\/\/www.parlonslamort.fr\/\",\"name\":\"Parlons la Mort\",\"description\":\"Qu&#039;est-ce que la mort nous dit de la vie ?\",\"potentialAction\":[{\"@type\":\"SearchAction\",\"target\":{\"@type\":\"EntryPoint\",\"urlTemplate\":\"https:\/\/www.parlonslamort.fr\/?s={search_term_string}\"},\"query-input\":{\"@type\":\"PropertyValueSpecification\",\"valueRequired\":true,\"valueName\":\"search_term_string\"}}],\"inLanguage\":\"fr-FR\"}]}<\/script>\n<!-- \/ Yoast SEO plugin. -->","yoast_head_json":{"title":"Liste des expositions dans toute la France - Parlons la Mort","robots":{"index":"index","follow":"follow","max-snippet":"max-snippet:-1","max-image-preview":"max-image-preview:large","max-video-preview":"max-video-preview:-1"},"canonical":"https:\/\/www.parlonslamort.fr\/?page_id=623","og_locale":"fr_FR","og_type":"article","og_title":"Liste des expositions dans toute la France - Parlons la Mort","og_description":"Cette exposition, fruit de plusieurs mois d'enqu\u00eate sur la mort aupr\u00e8s des Fran\u00e7ais, rend compte de la richesse des r\u00e9ponses collect\u00e9es par les \u00e9quipes VITA.","og_url":"https:\/\/www.parlonslamort.fr\/?page_id=623","og_site_name":"Parlons la Mort","article_publisher":"https:\/\/www.facebook.com\/parlonslamort","article_modified_time":"2014-10-23T14:39:10+00:00","og_image":[{"width":500,"height":500,"url":"https:\/\/www.parlonslamort.fr\/wp-content\/uploads\/2014\/10\/exposition_parlonslamort_france.jpg","type":"image\/jpeg"}],"twitter_misc":{"Dur\u00e9e de lecture estim\u00e9e":"1 minute"},"schema":{"@context":"https:\/\/schema.org","@graph":[{"@type":"WebPage","@id":"https:\/\/www.parlonslamort.fr\/?page_id=623","url":"https:\/\/www.parlonslamort.fr\/?page_id=623","name":"Liste des expositions dans toute la France - Parlons la Mort","isPartOf":{"@id":"https:\/\/www.parlonslamort.fr\/#website"},"primaryImageOfPage":{"@id":"https:\/\/www.parlonslamort.fr\/?page_id=623#primaryimage"},"image":{"@id":"https:\/\/www.parlonslamort.fr\/?page_id=623#primaryimage"},"thumbnailUrl":"https:\/\/www.parlonslamort.fr\/wp-content\/uploads\/2014\/10\/exposition_parlonslamort_france.jpg","datePublished":"2014-10-21T09:18:19+00:00","dateModified":"2014-10-23T14:39:10+00:00","breadcrumb":{"@id":"https:\/\/www.parlonslamort.fr\/?page_id=623#breadcrumb"},"inLanguage":"fr-FR","potentialAction":[{"@type":"ReadAction","target":["https:\/\/www.parlonslamort.fr\/?page_id=623"]}]},{"@type":"ImageObject","inLanguage":"fr-FR","@id":"https:\/\/www.parlonslamort.fr\/?page_id=623#primaryimage","url":"https:\/\/www.parlonslamort.fr\/wp-content\/uploads\/2014\/10\/exposition_parlonslamort_france.jpg","contentUrl":"https:\/\/www.parlonslamort.fr\/wp-content\/uploads\/2014\/10\/exposition_parlonslamort_france.jpg","width":500,"height":500},{"@type":"BreadcrumbList","@id":"https:\/\/www.parlonslamort.fr\/?page_id=623#breadcrumb","itemListElement":[{"@type":"ListItem","position":1,"name":"Accueil","item":"https:\/\/www.parlonslamort.fr\/"},{"@type":"ListItem","position":2,"name":"La campagne","item":"https:\/\/www.parlonslamort.fr\/?page_id=5"},{"@type":"ListItem","position":3,"name":"Liste des expositions dans toute la France"}]},{"@type":"WebSite","@id":"https:\/\/www.parlonslamort.fr\/#website","url":"https:\/\/www.parlonslamort.fr\/","name":"Parlons la Mort","description":"Qu&#039;est-ce que la mort nous dit de la vie ?","potentialAction":[{"@type":"SearchAction","target":{"@type":"EntryPoint","urlTemplate":"https:\/\/www.parlonslamort.fr\/?s={search_term_string}"},"query-input":{"@type":"PropertyValueSpecification","valueRequired":true,"valueName":"search_term_string"}}],"inLanguage":"fr-FR"}]}},"_links":{"self":[{"href":"https:\/\/www.parlonslamort.fr\/index.php?rest_route=\/wp\/v2\/pages\/623"}],"collection":[{"href":"https:\/\/www.parlonslamort.fr\/index.php?rest_route=\/wp\/v2\/pages"}],"about":[{"href":"https:\/\/www.parlonslamort.fr\/index.php?rest_route=\/wp\/v2\/types\/page"}],"author":[{"embeddable":true,"href":"https:\/\/www.parlonslamort.fr\/index.php?rest_route=\/wp\/v2\/users\/2"}],"replies":[{"embeddable":true,"href":"https:\/\/www.parlonslamort.fr\/index.php?rest_route=%2Fwp%2Fv2%2Fcomments&post=623"}],"version-history":[{"count":19,"href":"https:\/\/www.parlonslamort.fr\/index.php?rest_route=\/wp\/v2\/pages\/623\/revisions"}],"predecessor-version":[{"id":828,"href":"https:\/\/www.parlonslamort.fr\/index.php?rest_route=\/wp\/v2\/pages\/623\/revisions\/828"}],"up":[{"embeddable":true,"href":"https:\/\/www.parlonslamort.fr\/index.php?rest_route=\/wp\/v2\/pages\/5"}],"wp:featuredmedia":[{"embeddable":true,"href":"https:\/\/www.parlonslamort.fr\/index.php?rest_route=\/wp\/v2\/media\/664"}],"wp:attachment":[{"href":"https:\/\/www.parlonslamort.fr\/index.php?rest_route=%2Fwp%2Fv2%2Fmedia&parent=623"}],"curies":[{"name":"wp","href":"https:\/\/api.w.org\/{rel}","templated":true}]}}