{"id":599,"date":"2014-10-20T21:34:28","date_gmt":"2014-10-20T20:34:28","guid":{"rendered":"http:\/\/v2.parlonslamort.fr\/?page_id=599"},"modified":"2014-10-21T22:37:31","modified_gmt":"2014-10-21T21:37:31","slug":"le-temoignage-edifie-le-temoin","status":"publish","type":"page","link":"https:\/\/www.parlonslamort.fr\/?page_id=599","title":{"rendered":"Le t\u00e9moignage \u00e9difie le t\u00e9moin"},"content":{"rendered":"<div class=\"su-row\">\n<div class=\"su-column su-column-size-1-2\"><div class=\"su-column-inner su-u-clearfix su-u-trim\">\n<p><strong>N\u2019est-ce pas difficile de parler de la mort\u2009?<\/strong><\/p>\n<p>Ce qui a \u00e9t\u00e9 le plus difficile pour VITA, c\u2019est de surmonter nos propres peurs. Nous avons commenc\u00e9 par tester ce projet dans une dizaine de villes, pour nous prouver sa pertinence. Mais le r\u00e9sultat a \u00e9t\u00e9 tel que plus de cent \u00e9quipes s\u2019y sont d\u00e9j\u00e0 engag\u00e9es. Nous avons des refus, bien s\u00fbr, et c\u2019est tr\u00e8s l\u00e9gitime. Mais tr\u00e8s peu de critiques. Nous vivons au contraire des rencontres magnifiques. Et nos volontaires reviennent \u00e9merveill\u00e9s avec un sentiment d\u2019avoir partag\u00e9 une paix profonde.<!--more--><\/p>\n<h4>T\u00e9moignages :<\/h4>\n<p>\u00ab\u00a0Quand on m&#8217;a interpel\u00e9e sur ce sujet &#8220;Parlons la mort&#8221; je venais de perdre mon neveu de 34 ans 2 mois auparavant! Je l&#8217;avais accompagn\u00e9 durant 3 jours dans un service de soins palliatifs.\u00a0Cela m&#8217;a permis de pouvoir mettre des mots sur ce que j&#8217;avais v\u00e9cu. Le fait d&#8217;\u00eatre \u00e9cout\u00e9e avec bienveillance et beaucoup d&#8217;attention, par une personne &#8220;neutre&#8221;, m&#8217;a un peu lib\u00e9r\u00e9e et fait beaucoup de bien.\u00a0Cela m&#8217;a permis d&#8217;exprimer ce que je ressentais au fond du c\u0153ur et que je n&#8217;avais pas pu partager avec mes plus proches ! Peut-\u00eatre par peur de n&#8217;\u00eatre pas comprise ou par manque de simplicit\u00e9 ?&#8221; Paule (Savoie)<\/p>\n<p>\u00ab\u00a0L&#8217;action &#8220;Parlons la Mort&#8221; m&#8217;a montr\u00e9 que, finalement, nous avons tous besoin d&#8217;en parler. Cela semble difficile mais apr\u00e8s un temps de surprise, la confiance s&#8217;installe et c&#8217;est la confidence. Les personnes sont tr\u00e8s touch\u00e9es et remontent parfois loin faisant ressortir des sentiments ou une \u00e9vidence qui se fait jour. Comme cette personne qui a c\u00f4toy\u00e9 volontairement la mort plusieurs fois, avec l&#8217;impression d&#8217;\u00eatre devenue inutile et la peur d&#8217;\u00eatre \u00e0 charge. S&#8217;\u00eatre occup\u00e9 des autres lui a rendu sa dignit\u00e9 et elle a r\u00e9alis\u00e9 en parlant que ce sont ces personnes d\u00e9pendantes qui lui ont sauv\u00e9 la vie. Comme beaucoup d&#8217;autres elle nous a dit &#8220;merci, vous m&#8217;avez fait du bien&#8221;.\u00a0\u00bb \u00a0Ang\u00e8le (Bretagne)<\/p>\n<p><em>&gt;&gt;N&#8217;h\u00e9sitez pas \u00e0 nous envoyez aussi vos t\u00e9moignages sur cette campagne !<\/em><\/p>\n<\/div><\/div>\n<div class=\"su-column su-column-size-1-2\"><div class=\"su-column-inner su-u-clearfix su-u-trim\"> <!--W4PL_List_619-->\n<div id=\"w4pl-list-619\" class=\"w4pl\">\n\t<div id=\"w4pl-inner-619\" class=\"w4pl-inner\">\n\t\t<div class=\"decrypt-list\">\r\n<h2><a href=\"https:\/\/www.parlonslamort.fr\/?page_id=623\" ><a class=\"post_title w4pl_post_title\" href=\"https:\/\/www.parlonslamort.fr\/?page_id=623\" title=\"View Liste des expositions dans toute la France\">Liste des expositions dans toute la France<\/a><\/a><\/h2>\r\n<a href=\"https:\/\/www.parlonslamort.fr\/?page_id=623\"><img loading=\"lazy\" decoding=\"async\" width=\"500\" height=\"500\" src=\"https:\/\/www.parlonslamort.fr\/wp-content\/uploads\/2014\/10\/exposition_parlonslamort_france.jpg\" class=\"attachment-120 size-120\" alt=\"\" size=\"120\" return=\"\" output=\"\" srcset=\"https:\/\/www.parlonslamort.fr\/wp-content\/uploads\/2014\/10\/exposition_parlonslamort_france.jpg 500w, https:\/\/www.parlonslamort.fr\/wp-content\/uploads\/2014\/10\/exposition_parlonslamort_france-150x150.jpg 150w, https:\/\/www.parlonslamort.fr\/wp-content\/uploads\/2014\/10\/exposition_parlonslamort_france-300x300.jpg 300w\" sizes=\"(max-width: 500px) 100vw, 500px\" \/><\/a>\r\n\r\n<div class=\"post-excerpt\">Cette exposition, fruit de plusieurs mois d'enqu\u00eate sur la mort aupr\u00e8s des Fran\u00e7ais, rend compte de la richesse des r\u00e9ponses\u2026<\/div><\/br>\r\n<a class=\"read_more\" href=\"https:\/\/www.parlonslamort.fr\/?page_id=623\" title=\"Lire la suite  Liste des expositions dans toute la France\">Lire la suite <\/a>\r\n<\/div>\r\n\r\n<div class=\"decrypt-list\">\r\n<h2><a href=\"https:\/\/www.parlonslamort.fr\/?page_id=657\" ><a class=\"post_title w4pl_post_title\" href=\"https:\/\/www.parlonslamort.fr\/?page_id=657\" title=\"View Qu&#8217;est ce que &#8220;parler la mort&#8221; dans notre vie ?\">Qu&#8217;est ce que &#8220;parler la mort&#8221; dans notre vie ?<\/a><\/a><\/h2>\r\n<a href=\"https:\/\/www.parlonslamort.fr\/?page_id=657\"><img loading=\"lazy\" decoding=\"async\" width=\"500\" height=\"500\" src=\"https:\/\/www.parlonslamort.fr\/wp-content\/uploads\/2014\/10\/christian_de_cacqueray.jpg\" class=\"attachment-120 size-120\" alt=\"\" size=\"120\" return=\"\" output=\"\" srcset=\"https:\/\/www.parlonslamort.fr\/wp-content\/uploads\/2014\/10\/christian_de_cacqueray.jpg 500w, https:\/\/www.parlonslamort.fr\/wp-content\/uploads\/2014\/10\/christian_de_cacqueray-150x150.jpg 150w, https:\/\/www.parlonslamort.fr\/wp-content\/uploads\/2014\/10\/christian_de_cacqueray-300x300.jpg 300w\" sizes=\"(max-width: 500px) 100vw, 500px\" \/><\/a>\r\n\r\n<div class=\"post-excerpt\">Regard de Christian de Cacqueray, auteur de \u00ab La mort confisqu\u00e9e \u00bb, sur les diff\u00e9rentes occasions de \"parler la mort\"\u2026<\/div><\/br>\r\n<a class=\"read_more\" href=\"https:\/\/www.parlonslamort.fr\/?page_id=657\" title=\"Lire la suite  Qu&#8217;est ce que &#8220;parler la mort&#8221; dans notre vie ?\">Lire la suite <\/a>\r\n<\/div>\r\n\r\n<div class=\"decrypt-list\">\r\n<h2><a href=\"https:\/\/www.parlonslamort.fr\/?page_id=667\" ><a class=\"post_title w4pl_post_title\" href=\"https:\/\/www.parlonslamort.fr\/?page_id=667\" title=\"View Pourquoi &#8220;parlons la mort&#8221; ?\">Pourquoi &#8220;parlons la mort&#8221; ?<\/a><\/a><\/h2>\r\n<a href=\"https:\/\/www.parlonslamort.fr\/?page_id=667\"><img loading=\"lazy\" decoding=\"async\" width=\"500\" height=\"500\" src=\"https:\/\/www.parlonslamort.fr\/wp-content\/uploads\/2014\/10\/tugdual_derville.jpg\" class=\"attachment-120 size-120\" alt=\"\" size=\"120\" return=\"\" output=\"\" srcset=\"https:\/\/www.parlonslamort.fr\/wp-content\/uploads\/2014\/10\/tugdual_derville.jpg 500w, https:\/\/www.parlonslamort.fr\/wp-content\/uploads\/2014\/10\/tugdual_derville-150x150.jpg 150w, https:\/\/www.parlonslamort.fr\/wp-content\/uploads\/2014\/10\/tugdual_derville-300x300.jpg 300w\" sizes=\"(max-width: 500px) 100vw, 500px\" \/><\/a>\r\n\r\n<div class=\"post-excerpt\">Nous ne pr\u00e9tendions pas lever au forceps ce que le tabou sur ce concept de \u00ab mort \u00bb a d\u2019in\u00e9vitable,\u2026<\/div><\/br>\r\n<a class=\"read_more\" href=\"https:\/\/www.parlonslamort.fr\/?page_id=667\" title=\"Lire la suite  Pourquoi &#8220;parlons la mort&#8221; ?\">Lire la suite <\/a>\r\n<\/div>\r\n\r\n<div class=\"decrypt-list\">\r\n<h2><a href=\"https:\/\/www.parlonslamort.fr\/?page_id=597\" ><a class=\"post_title w4pl_post_title\" href=\"https:\/\/www.parlonslamort.fr\/?page_id=597\" title=\"View Des mots sur des maux&#8230;\">Des mots sur des maux&#8230;<\/a><\/a><\/h2>\r\n<a href=\"https:\/\/www.parlonslamort.fr\/?page_id=597\"><img loading=\"lazy\" decoding=\"async\" width=\"500\" height=\"500\" src=\"https:\/\/www.parlonslamort.fr\/wp-content\/uploads\/2014\/10\/desmot_sur_des_mots.jpg\" class=\"attachment-120 size-120\" alt=\"\" size=\"120\" return=\"\" output=\"\" srcset=\"https:\/\/www.parlonslamort.fr\/wp-content\/uploads\/2014\/10\/desmot_sur_des_mots.jpg 500w, https:\/\/www.parlonslamort.fr\/wp-content\/uploads\/2014\/10\/desmot_sur_des_mots-150x150.jpg 150w, https:\/\/www.parlonslamort.fr\/wp-content\/uploads\/2014\/10\/desmot_sur_des_mots-300x300.jpg 300w\" sizes=\"(max-width: 500px) 100vw, 500px\" \/><\/a>\r\n\r\n<div class=\"post-excerpt\">Les personnes se r\u00e9jouissent simplement d\u2019 \u00ab avoir \u00e9t\u00e9 l\u00e0 \u00bb. Parfois \u00ab en silence \u00bb. Est-ce une fa\u00e7on de\u2026<\/div><\/br>\r\n<a class=\"read_more\" href=\"https:\/\/www.parlonslamort.fr\/?page_id=597\" title=\"Lire la suite  Des mots sur des maux&#8230;\">Lire la suite <\/a>\r\n<\/div>\r\n\r\n<div class=\"decrypt-list\">\r\n<h2><a href=\"https:\/\/www.parlonslamort.fr\/?page_id=599\" ><a class=\"post_title w4pl_post_title\" href=\"https:\/\/www.parlonslamort.fr\/?page_id=599\" title=\"View Le t\u00e9moignage \u00e9difie le t\u00e9moin\">Le t\u00e9moignage \u00e9difie le t\u00e9moin<\/a><\/a><\/h2>\r\n<a href=\"https:\/\/www.parlonslamort.fr\/?page_id=599\"><img loading=\"lazy\" decoding=\"async\" width=\"500\" height=\"500\" src=\"https:\/\/www.parlonslamort.fr\/wp-content\/uploads\/2014\/10\/t\u00e9moins_t\u00e9moignage.jpg\" class=\"attachment-120 size-120\" alt=\"\" size=\"120\" return=\"\" output=\"\" srcset=\"https:\/\/www.parlonslamort.fr\/wp-content\/uploads\/2014\/10\/t\u00e9moins_t\u00e9moignage.jpg 500w, https:\/\/www.parlonslamort.fr\/wp-content\/uploads\/2014\/10\/t\u00e9moins_t\u00e9moignage-150x150.jpg 150w, https:\/\/www.parlonslamort.fr\/wp-content\/uploads\/2014\/10\/t\u00e9moins_t\u00e9moignage-300x300.jpg 300w\" sizes=\"(max-width: 500px) 100vw, 500px\" \/><\/a>\r\n\r\n<div class=\"post-excerpt\">Ce qui a \u00e9t\u00e9 le plus difficile pour VITA, c\u2019est de surmonter nos propres peurs. Nous avons commenc\u00e9 par tester\u2026<\/div><\/br>\r\n<a class=\"read_more\" href=\"https:\/\/www.parlonslamort.fr\/?page_id=599\" title=\"Lire la suite  Le t\u00e9moignage \u00e9difie le t\u00e9moin\">Lire la suite <\/a>\r\n<\/div>\r\n\r\n<div class=\"decrypt-list\">\r\n<h2><a href=\"https:\/\/www.parlonslamort.fr\/?page_id=672\" ><a class=\"post_title w4pl_post_title\" href=\"https:\/\/www.parlonslamort.fr\/?page_id=672\" title=\"View Enqu\u00eate sur le tabou de la mort\">Enqu\u00eate sur le tabou de la mort<\/a><\/a><\/h2>\r\n<a href=\"https:\/\/www.parlonslamort.fr\/?page_id=672\"><img loading=\"lazy\" decoding=\"async\" width=\"500\" height=\"500\" src=\"https:\/\/www.parlonslamort.fr\/wp-content\/uploads\/2014\/05\/parlonslamort.jpg\" class=\"attachment-120 size-120\" alt=\"\" size=\"120\" return=\"\" output=\"\" srcset=\"https:\/\/www.parlonslamort.fr\/wp-content\/uploads\/2014\/05\/parlonslamort.jpg 500w, https:\/\/www.parlonslamort.fr\/wp-content\/uploads\/2014\/05\/parlonslamort-150x150.jpg 150w, https:\/\/www.parlonslamort.fr\/wp-content\/uploads\/2014\/05\/parlonslamort-300x300.jpg 300w\" sizes=\"(max-width: 500px) 100vw, 500px\" \/><\/a>\r\n\r\n<div class=\"post-excerpt\">Pour l\u2019homme, la conscience de sa mort est un fantastique moteur d\u2019humanisation. A l\u2019inverse, perdre de vue la mort, c\u2019est\u2026<\/div><\/br>\r\n<a class=\"read_more\" href=\"https:\/\/www.parlonslamort.fr\/?page_id=672\" title=\"Lire la suite  Enqu\u00eate sur le tabou de la mort\">Lire la suite <\/a>\r\n<\/div>\r\n\r\n<div class=\"decrypt-list\">\r\n<h2><a href=\"https:\/\/www.parlonslamort.fr\/?page_id=730\" ><a class=\"post_title w4pl_post_title\" href=\"https:\/\/www.parlonslamort.fr\/?page_id=730\" title=\"View Philippe Pozzo di Borgo\">Philippe Pozzo di Borgo<\/a><\/a><\/h2>\r\n<a href=\"https:\/\/www.parlonslamort.fr\/?page_id=730\"><img loading=\"lazy\" decoding=\"async\" width=\"500\" height=\"500\" src=\"https:\/\/www.parlonslamort.fr\/wp-content\/uploads\/2014\/10\/pozzo-di-borgo_plm.jpg\" class=\"attachment-120 size-120\" alt=\"\" size=\"120\" return=\"\" output=\"\" srcset=\"https:\/\/www.parlonslamort.fr\/wp-content\/uploads\/2014\/10\/pozzo-di-borgo_plm.jpg 500w, https:\/\/www.parlonslamort.fr\/wp-content\/uploads\/2014\/10\/pozzo-di-borgo_plm-150x150.jpg 150w, https:\/\/www.parlonslamort.fr\/wp-content\/uploads\/2014\/10\/pozzo-di-borgo_plm-300x300.jpg 300w\" sizes=\"(max-width: 500px) 100vw, 500px\" \/><\/a>\r\n\r\n<div class=\"post-excerpt\">Dans le cadre de sa campagne \"Parlons la mort\", Tugdual Derville a rencontr\u00e9 Philippe Pozzo di Borgo, t\u00e9trapl\u00e9gique dont l'histoire\u2026<\/div><\/br>\r\n<a class=\"read_more\" href=\"https:\/\/www.parlonslamort.fr\/?page_id=730\" title=\"Lire la suite  Philippe Pozzo di Borgo\">Lire la suite <\/a>\r\n<\/div>\r\n\r\n<div class=\"decrypt-list\">\r\n<h2><a href=\"https:\/\/www.parlonslamort.fr\/?page_id=735\" ><a class=\"post_title w4pl_post_title\" href=\"https:\/\/www.parlonslamort.fr\/?page_id=735\" title=\"View 10 personnalit\u00e9s sur la mort\">10 personnalit\u00e9s sur la mort<\/a><\/a><\/h2>\r\n<a href=\"https:\/\/www.parlonslamort.fr\/?page_id=735\"><img loading=\"lazy\" decoding=\"async\" width=\"500\" height=\"500\" src=\"https:\/\/www.parlonslamort.fr\/wp-content\/uploads\/2014\/10\/picasso_plm.jpg\" class=\"attachment-120 size-120\" alt=\"\" size=\"120\" return=\"\" output=\"\" srcset=\"https:\/\/www.parlonslamort.fr\/wp-content\/uploads\/2014\/10\/picasso_plm.jpg 500w, https:\/\/www.parlonslamort.fr\/wp-content\/uploads\/2014\/10\/picasso_plm-150x150.jpg 150w, https:\/\/www.parlonslamort.fr\/wp-content\/uploads\/2014\/10\/picasso_plm-300x300.jpg 300w\" sizes=\"(max-width: 500px) 100vw, 500px\" \/><\/a>\r\n\r\n<div class=\"post-excerpt\">La mort est un sujet qui nous concernent tous et sur lequel de nombreuses personnes se sont exprim\u00e9es \u00e0 travers\u2026<\/div><\/br>\r\n<a class=\"read_more\" href=\"https:\/\/www.parlonslamort.fr\/?page_id=735\" title=\"Lire la suite  10 personnalit\u00e9s sur la mort\">Lire la suite <\/a>\r\n<\/div>\n\t<\/div><!--#w4pl-inner-619-->\n<\/div><!--#w4pl-619-->\n<!--END_W4PL_List_619-->\n\u00a0<\/div><\/div>\n<\/div>\n","protected":false},"excerpt":{"rendered":"<p>Ce qui a \u00e9t\u00e9 le plus difficile pour VITA, c\u2019est de surmonter nos propres peurs. Nous avons commenc\u00e9 par tester ce projet dans une dizaine de villes, pour nous prouver sa pertinence. Mais le r\u00e9sultat a \u00e9t\u00e9 tel que plus de cent \u00e9quipes s\u2019y sont d\u00e9j\u00e0 engag\u00e9es. Nous avons des refus, bien s\u00fbr, et c\u2019est tr\u00e8s l\u00e9gitime. Mais tr\u00e8s peu de critiques. Nous vivons au contraire des rencontres magnifiques. Et nos volontaires reviennent \u00e9merveill\u00e9s avec un sentiment d\u2019avoir partag\u00e9 une paix profonde.<\/p>\n","protected":false},"author":2,"featured_media":713,"parent":5,"menu_order":2,"comment_status":"open","ping_status":"closed","template":"campagne.php","meta":{"footnotes":""},"class_list":["post-599","page","type-page","status-publish","has-post-thumbnail","hentry"],"yoast_head":"<!-- This site is optimized with the Yoast SEO plugin v23.4 - https:\/\/yoast.com\/wordpress\/plugins\/seo\/ -->\n<title>Le t\u00e9moignage \u00e9difie le t\u00e9moin - Parlons la Mort<\/title>\n<meta name=\"robots\" content=\"index, follow, max-snippet:-1, max-image-preview:large, max-video-preview:-1\" \/>\n<link rel=\"canonical\" href=\"https:\/\/www.parlonslamort.fr\/?page_id=599\" \/>\n<meta property=\"og:locale\" content=\"fr_FR\" \/>\n<meta property=\"og:type\" content=\"article\" \/>\n<meta property=\"og:title\" content=\"Le t\u00e9moignage \u00e9difie le t\u00e9moin - Parlons la Mort\" \/>\n<meta property=\"og:description\" content=\"Ce qui a \u00e9t\u00e9 le plus difficile pour VITA, c\u2019est de surmonter nos propres peurs. Nous avons commenc\u00e9 par tester ce projet dans une dizaine de villes, pour nous prouver sa pertinence. Mais le r\u00e9sultat a \u00e9t\u00e9 tel que plus de cent \u00e9quipes s\u2019y sont d\u00e9j\u00e0 engag\u00e9es. Nous avons des refus, bien s\u00fbr, et c\u2019est tr\u00e8s l\u00e9gitime. Mais tr\u00e8s peu de critiques. Nous vivons au contraire des rencontres magnifiques. Et nos volontaires reviennent \u00e9merveill\u00e9s avec un sentiment d\u2019avoir partag\u00e9 une paix profonde.\" \/>\n<meta property=\"og:url\" content=\"https:\/\/www.parlonslamort.fr\/?page_id=599\" \/>\n<meta property=\"og:site_name\" content=\"Parlons la Mort\" \/>\n<meta property=\"article:publisher\" content=\"https:\/\/www.facebook.com\/parlonslamort\" \/>\n<meta property=\"article:modified_time\" content=\"2014-10-21T21:37:31+00:00\" \/>\n<meta property=\"og:image\" content=\"https:\/\/www.parlonslamort.fr\/wp-content\/uploads\/2014\/10\/t\u00e9moins_t\u00e9moignage.jpg\" \/>\n\t<meta property=\"og:image:width\" content=\"500\" \/>\n\t<meta property=\"og:image:height\" content=\"500\" \/>\n\t<meta property=\"og:image:type\" content=\"image\/jpeg\" \/>\n<meta name=\"twitter:label1\" content=\"Dur\u00e9e de lecture estim\u00e9e\" \/>\n\t<meta name=\"twitter:data1\" content=\"2 minutes\" \/>\n<script type=\"application\/ld+json\" class=\"yoast-schema-graph\">{\"@context\":\"https:\/\/schema.org\",\"@graph\":[{\"@type\":\"WebPage\",\"@id\":\"https:\/\/www.parlonslamort.fr\/?page_id=599\",\"url\":\"https:\/\/www.parlonslamort.fr\/?page_id=599\",\"name\":\"Le t\u00e9moignage \u00e9difie le t\u00e9moin - Parlons la Mort\",\"isPartOf\":{\"@id\":\"https:\/\/www.parlonslamort.fr\/#website\"},\"primaryImageOfPage\":{\"@id\":\"https:\/\/www.parlonslamort.fr\/?page_id=599#primaryimage\"},\"image\":{\"@id\":\"https:\/\/www.parlonslamort.fr\/?page_id=599#primaryimage\"},\"thumbnailUrl\":\"https:\/\/www.parlonslamort.fr\/wp-content\/uploads\/2014\/10\/t\u00e9moins_t\u00e9moignage.jpg\",\"datePublished\":\"2014-10-20T20:34:28+00:00\",\"dateModified\":\"2014-10-21T21:37:31+00:00\",\"breadcrumb\":{\"@id\":\"https:\/\/www.parlonslamort.fr\/?page_id=599#breadcrumb\"},\"inLanguage\":\"fr-FR\",\"potentialAction\":[{\"@type\":\"ReadAction\",\"target\":[\"https:\/\/www.parlonslamort.fr\/?page_id=599\"]}]},{\"@type\":\"ImageObject\",\"inLanguage\":\"fr-FR\",\"@id\":\"https:\/\/www.parlonslamort.fr\/?page_id=599#primaryimage\",\"url\":\"https:\/\/www.parlonslamort.fr\/wp-content\/uploads\/2014\/10\/t\u00e9moins_t\u00e9moignage.jpg\",\"contentUrl\":\"https:\/\/www.parlonslamort.fr\/wp-content\/uploads\/2014\/10\/t\u00e9moins_t\u00e9moignage.jpg\",\"width\":500,\"height\":500},{\"@type\":\"BreadcrumbList\",\"@id\":\"https:\/\/www.parlonslamort.fr\/?page_id=599#breadcrumb\",\"itemListElement\":[{\"@type\":\"ListItem\",\"position\":1,\"name\":\"Accueil\",\"item\":\"https:\/\/www.parlonslamort.fr\/\"},{\"@type\":\"ListItem\",\"position\":2,\"name\":\"La campagne\",\"item\":\"https:\/\/www.parlonslamort.fr\/?page_id=5\"},{\"@type\":\"ListItem\",\"position\":3,\"name\":\"Le t\u00e9moignage \u00e9difie le t\u00e9moin\"}]},{\"@type\":\"WebSite\",\"@id\":\"https:\/\/www.parlonslamort.fr\/#website\",\"url\":\"https:\/\/www.parlonslamort.fr\/\",\"name\":\"Parlons la Mort\",\"description\":\"Qu&#039;est-ce que la mort nous dit de la vie ?\",\"potentialAction\":[{\"@type\":\"SearchAction\",\"target\":{\"@type\":\"EntryPoint\",\"urlTemplate\":\"https:\/\/www.parlonslamort.fr\/?s={search_term_string}\"},\"query-input\":{\"@type\":\"PropertyValueSpecification\",\"valueRequired\":true,\"valueName\":\"search_term_string\"}}],\"inLanguage\":\"fr-FR\"}]}<\/script>\n<!-- \/ Yoast SEO plugin. -->","yoast_head_json":{"title":"Le t\u00e9moignage \u00e9difie le t\u00e9moin - Parlons la Mort","robots":{"index":"index","follow":"follow","max-snippet":"max-snippet:-1","max-image-preview":"max-image-preview:large","max-video-preview":"max-video-preview:-1"},"canonical":"https:\/\/www.parlonslamort.fr\/?page_id=599","og_locale":"fr_FR","og_type":"article","og_title":"Le t\u00e9moignage \u00e9difie le t\u00e9moin - Parlons la Mort","og_description":"Ce qui a \u00e9t\u00e9 le plus difficile pour VITA, c\u2019est de surmonter nos propres peurs. Nous avons commenc\u00e9 par tester ce projet dans une dizaine de villes, pour nous prouver sa pertinence. Mais le r\u00e9sultat a \u00e9t\u00e9 tel que plus de cent \u00e9quipes s\u2019y sont d\u00e9j\u00e0 engag\u00e9es. Nous avons des refus, bien s\u00fbr, et c\u2019est tr\u00e8s l\u00e9gitime. Mais tr\u00e8s peu de critiques. Nous vivons au contraire des rencontres magnifiques. Et nos volontaires reviennent \u00e9merveill\u00e9s avec un sentiment d\u2019avoir partag\u00e9 une paix profonde.","og_url":"https:\/\/www.parlonslamort.fr\/?page_id=599","og_site_name":"Parlons la Mort","article_publisher":"https:\/\/www.facebook.com\/parlonslamort","article_modified_time":"2014-10-21T21:37:31+00:00","og_image":[{"width":500,"height":500,"url":"https:\/\/www.parlonslamort.fr\/wp-content\/uploads\/2014\/10\/t\u00e9moins_t\u00e9moignage.jpg","type":"image\/jpeg"}],"twitter_misc":{"Dur\u00e9e de lecture estim\u00e9e":"2 minutes"},"schema":{"@context":"https:\/\/schema.org","@graph":[{"@type":"WebPage","@id":"https:\/\/www.parlonslamort.fr\/?page_id=599","url":"https:\/\/www.parlonslamort.fr\/?page_id=599","name":"Le t\u00e9moignage \u00e9difie le t\u00e9moin - Parlons la Mort","isPartOf":{"@id":"https:\/\/www.parlonslamort.fr\/#website"},"primaryImageOfPage":{"@id":"https:\/\/www.parlonslamort.fr\/?page_id=599#primaryimage"},"image":{"@id":"https:\/\/www.parlonslamort.fr\/?page_id=599#primaryimage"},"thumbnailUrl":"https:\/\/www.parlonslamort.fr\/wp-content\/uploads\/2014\/10\/t\u00e9moins_t\u00e9moignage.jpg","datePublished":"2014-10-20T20:34:28+00:00","dateModified":"2014-10-21T21:37:31+00:00","breadcrumb":{"@id":"https:\/\/www.parlonslamort.fr\/?page_id=599#breadcrumb"},"inLanguage":"fr-FR","potentialAction":[{"@type":"ReadAction","target":["https:\/\/www.parlonslamort.fr\/?page_id=599"]}]},{"@type":"ImageObject","inLanguage":"fr-FR","@id":"https:\/\/www.parlonslamort.fr\/?page_id=599#primaryimage","url":"https:\/\/www.parlonslamort.fr\/wp-content\/uploads\/2014\/10\/t\u00e9moins_t\u00e9moignage.jpg","contentUrl":"https:\/\/www.parlonslamort.fr\/wp-content\/uploads\/2014\/10\/t\u00e9moins_t\u00e9moignage.jpg","width":500,"height":500},{"@type":"BreadcrumbList","@id":"https:\/\/www.parlonslamort.fr\/?page_id=599#breadcrumb","itemListElement":[{"@type":"ListItem","position":1,"name":"Accueil","item":"https:\/\/www.parlonslamort.fr\/"},{"@type":"ListItem","position":2,"name":"La campagne","item":"https:\/\/www.parlonslamort.fr\/?page_id=5"},{"@type":"ListItem","position":3,"name":"Le t\u00e9moignage \u00e9difie le t\u00e9moin"}]},{"@type":"WebSite","@id":"https:\/\/www.parlonslamort.fr\/#website","url":"https:\/\/www.parlonslamort.fr\/","name":"Parlons la Mort","description":"Qu&#039;est-ce que la mort nous dit de la vie ?","potentialAction":[{"@type":"SearchAction","target":{"@type":"EntryPoint","urlTemplate":"https:\/\/www.parlonslamort.fr\/?s={search_term_string}"},"query-input":{"@type":"PropertyValueSpecification","valueRequired":true,"valueName":"search_term_string"}}],"inLanguage":"fr-FR"}]}},"_links":{"self":[{"href":"https:\/\/www.parlonslamort.fr\/index.php?rest_route=\/wp\/v2\/pages\/599"}],"collection":[{"href":"https:\/\/www.parlonslamort.fr\/index.php?rest_route=\/wp\/v2\/pages"}],"about":[{"href":"https:\/\/www.parlonslamort.fr\/index.php?rest_route=\/wp\/v2\/types\/page"}],"author":[{"embeddable":true,"href":"https:\/\/www.parlonslamort.fr\/index.php?rest_route=\/wp\/v2\/users\/2"}],"replies":[{"embeddable":true,"href":"https:\/\/www.parlonslamort.fr\/index.php?rest_route=%2Fwp%2Fv2%2Fcomments&post=599"}],"version-history":[{"count":6,"href":"https:\/\/www.parlonslamort.fr\/index.php?rest_route=\/wp\/v2\/pages\/599\/revisions"}],"predecessor-version":[{"id":724,"href":"https:\/\/www.parlonslamort.fr\/index.php?rest_route=\/wp\/v2\/pages\/599\/revisions\/724"}],"up":[{"embeddable":true,"href":"https:\/\/www.parlonslamort.fr\/index.php?rest_route=\/wp\/v2\/pages\/5"}],"wp:featuredmedia":[{"embeddable":true,"href":"https:\/\/www.parlonslamort.fr\/index.php?rest_route=\/wp\/v2\/media\/713"}],"wp:attachment":[{"href":"https:\/\/www.parlonslamort.fr\/index.php?rest_route=%2Fwp%2Fv2%2Fmedia&parent=599"}],"curies":[{"name":"wp","href":"https:\/\/api.w.org\/{rel}","templated":true}]}}