{"id":566,"date":"2014-10-20T20:49:28","date_gmt":"2014-10-20T19:49:28","guid":{"rendered":"http:\/\/v2.parlonslamort.fr\/?page_id=566"},"modified":"2019-08-09T14:55:43","modified_gmt":"2019-08-09T13:55:43","slug":"mentions-legales","status":"publish","type":"page","link":"https:\/\/www.parlonslamort.fr\/?page_id=566","title":{"rendered":"Mentions l\u00e9gales"},"content":{"rendered":"<p>Le projet <em>Parlons la mort&#8230;pour la vie<\/em> a \u00e9t\u00e9 initi\u00e9 par <a title=\"Alliance VITA\" href=\"http:\/\/www.alliancevita.org\/\" target=\"_blank\" rel=\"noopener noreferrer\">Alliance VITA<\/a> et <a title=\"SOS fin de vie, service d'\u00e9coute deuil, maladie grave, fin de vie\" href=\"http:\/\/www.sosfindevie.org\/\" target=\"_blank\" rel=\"noopener noreferrer\">SOS fin de vie<\/a> en mai 2014. Le site www.parlonslamort.fr est anim\u00e9 par Alliance VITA.<\/p>\n<p><strong>Mentions l\u00e9gales :\u00a0<\/strong><\/p>\n<p>Le site <strong>www.parlonslamort.fr<\/strong> est une site \u00e9v\u00e9nementiel qui donne la parole aux personnes qui le souhaitent, sous la forme de photo portrait avec verbatim.<\/p>\n<p><strong>H\u00e9bergement :\u00a0<\/strong><\/p>\n<p>Soci\u00e9t\u00e9 : OVH<br \/>\nAdresse web : www.ovh.com<br \/>\nAdresse Postale : 2 rue Kellermann<br \/>\nBP 80157<br \/>\n59053 ROUBAIX Cedex 1<br \/>\nT\u00e9l\u00e9phone : +33 (0)8 203 203 63<br \/>\nAdresse \u00e9lectronique (E-Mail) : support@ovh.com<\/p>\n<p>&nbsp;<\/p>\n<p><strong>PROTECTIONS DES DONNES PERSONNELLES<\/strong><\/p>\n<p>Alliance VITA s\u2019engage \u00e0 prot\u00e9ger vos donn\u00e9es personnelles en ligne.<\/p>\n<p>Nous utilisons les informations que nous recueillons \u00e0 votre sujet pour communiquer avec vous, mieux comprendre comment notre site Internet est utilis\u00e9, vous envoyer des informations sur Alliance VITA susceptibles de vous int\u00e9resser et, enfin, g\u00e9rer les dons effectu\u00e9s en ligne.<\/p>\n<p>Veuillez lire la politique pr\u00e9sent\u00e9e ci-apr\u00e8s pour savoir comment vos donn\u00e9es personnelles seront trait\u00e9es. Ce document pouvant faire l\u2019objet de modifications, nous vous prions de bien vouloir le consulter r\u00e9guli\u00e8rement.<\/p>\n<p><strong>Quelles sont les informations d\u2019identification personnelle recueillies \u00e0 mon sujet ?<\/strong><\/p>\n<p>Le type et le volume d\u2019informations que nous recevons et stockons d\u00e9pendent de la mani\u00e8re dont vous utilisez notre site Internet. Il vous est possible d\u2019acc\u00e9der \u00e0 la plupart de nos pages sans indiquer qui vous \u00eates et sans r\u00e9v\u00e9ler d\u2019informations personnelles, sauf si vous faites un don en ligne ou que vous signez une p\u00e9tition.<\/p>\n<p>Nous ne recueillons pas d\u2019informations d\u2019identification personnelle (par exemple, votre nom, votre adresse, votre num\u00e9ro de t\u00e9l\u00e9phone ou votre adresse \u00e9lectronique), \u00e0 moins que ces informations ne soient communiqu\u00e9es volontairement. Dans certains cas, Alliance VITA vous demande ces informations pour vous fournir des services sp\u00e9cifiques ou vous envoyer de la correspondance. Les informations d\u2019identification personnelle que vous fournissez ainsi ne seront transmises \u00e0 aucune tiers, sauf aux fins de l\u2019ex\u00e9cution du service demand\u00e9.<\/p>\n<p><strong>Comment Alliance VITA utilise-t-il mes informations ?<\/strong><\/p>\n<p>Alliance VITA ne distribue ni ne vend ni ne loue \u00e0 personne les informations sur l\u2019utilisateur. Alliance VITA utilise certaines donn\u00e9es vous concernant pour mieux comprendre les personnes qui visitent son site Internet et pour pouvoir vous envoyer des informations auxquelles vous vous \u00eates abonn\u00e9 ou qui peuvent \u00eatre consid\u00e9r\u00e9es comme susceptibles de vous int\u00e9resser. Si vous \u00eatres un donateur d\u2019Alliance VITA, certaines donn\u00e9es peuvent \u00eatre transmises partiellement \u00e0 des tiers pour un traitement purement technique et administratif. Ces tiers ne sont pas autoris\u00e9s \u00e0 distribuer ni vendre ni louer vos donn\u00e9es personnelles.<\/p>\n<p><strong>Qui recueille mes informations ?<\/strong><\/p>\n<p>Lorsque vous vous trouvez sur le site Internet d\u2019Alliance VITA et que l\u2019on vous demande des informations personnelles, vous communiquez ces informations \u00e0 Alliance VITA, et \u00e0 lui seul, sauf disposition contraire. C\u2019est le cas, par exemple, des dons en ligne. Lorsque vous utilisez notre formulaire pr\u00e9vu \u00e0 cet effet, apr\u00e8s l\u2019avoir compl\u00e9t\u00e9 avec vos informations d\u2019identification personnelle et valid\u00e9, vous \u00eates automatiquement transf\u00e9r\u00e9 dans l\u2019environnement s\u00e9curis\u00e9 d\u2019une soci\u00e9t\u00e9 partenaire, Payzen. C\u2019est dans cet environnement hautement s\u00e9curis\u00e9, appel\u00e9 Saferpay, qu\u2019il vous sera demand\u00e9 d\u2019introduire les informations relatives \u00e0 votre carte de cr\u00e9dit.<\/p>\n<p><strong>Les donn\u00e9es collect\u00e9e par Alliance VITA\u00a0<\/strong><\/p>\n<p data-reactid=\"304\">Un cookie est un fichier texte d\u00e9pos\u00e9, sous r\u00e9serve de vos choix, sur votre ordinateur lors de la visite d\u2019un site ou de la consultation d\u2019une publicit\u00e9. Il a pour but de collecter des informations relatives \u00e0 votre navigation et de vous adresser des services adapt\u00e9s \u00e0 votre terminal (ordinateur, mobile ou tablette).<\/p>\n<p data-reactid=\"305\">Les cookies sont g\u00e9r\u00e9s par votre navigateur internet et seul l\u2019\u00e9metteur d\u2019un cookie est susceptible de lire ou de modifier les informations qui y sont contenues.<\/p>\n<p>Alliance VITA r\u00e9colte les donn\u00e9es suivantes\u00a0:<\/p>\n<ul>\n<li>L\u2019adresse IP, c\u2019est \u00e0 dire l\u2019adresse de l\u2019ordinateur<\/li>\n<li>La date et l\u2019heure de connexion d\u2019un appareil (Terminal) \u00e0 notre site<\/li>\n<li>L\u2019url, l\u2019adresse web de la page Internet de provenance de l\u2019appareil acc\u00e9dant \u00e0 notre site<\/li>\n<li>L\u2019url de la page Internet acc\u00e9d\u00e9e par l\u2019appareil consultant notre site<\/li>\n<li>Le type de syst\u00e8me d\u2019exploitation utilis\u00e9 par l\u2019appareil (Windows, MacOs, Linux, Unix, BeOS\u2026),<\/li>\n<li>Le type et la version du logiciel de navigation utilis\u00e9 par l\u2019appareil (Internet Explorer, Safari, Firefox, Chrome, Opera\u2026),<\/li>\n<li>La langue d\u2019utilisation du logiciel de navigation utilis\u00e9 par l\u2019appareil,<\/li>\n<li>L\u2019identifiant et le contenu d\u2019un Cookie stock\u00e9 par Alliance VITA dans l\u2019appareil,<\/li>\n<li>Le type d\u2019appareil utilis\u00e9 lors de la navigation (ordinateur, t\u00e9l\u00e9phone, tablette\u2026)<\/li>\n<\/ul>\n<p>\u200bLes cookies \u00e9mis par Alliance VITA permettent de\u00a0:<\/p>\n<ul>\n<li>\u00c9tablir des statistiques et volumes de fr\u00e9quentation et d\u2019utilisation des divers \u00e9l\u00e9ments composant notre site (rubriques et contenus visit\u00e9s, parcours, etc.), nous permettant d\u2019am\u00e9liorer l\u2019int\u00e9r\u00eat et l\u2019ergonomie de nos services,<\/li>\n<li>Adapter la pr\u00e9sentation de notre site aux pr\u00e9f\u00e9rences d\u2019affichage de votre terminal web ou mobile (r\u00e9solution d\u2019affichage, syst\u00e8me d\u2019exploitation utilis\u00e9\u2026) lors de vos visites sur notre site.<\/li>\n<li>M\u00e9moriser des informations relatives \u00e0 un formulaire ou p\u00e9tition que vous avez rempli sur notre site.<\/li>\n<li>Mettre en \u0153uvre des mesures de s\u00e9curit\u00e9, par exemple lorsqu\u2019il vous est demand\u00e9 de vous connecter \u00e0 nouveau \u00e0 un contenu ou \u00e0 un service apr\u00e8s un certain laps de temps<\/li>\n<\/ul>\n<p><strong>Vos choix concernant les cookies<\/strong><\/p>\n<p>L\u2019utilisateur peut s\u2019opposer \u00e0 l\u2019enregistrement de cookies en configurant son navigateur. Cependant, si l\u2019utilisateur d\u00e9cide de supprimer ses cookies, il devra par la suite renouveler l\u2019op\u00e9ration. S\u2019il d\u00e9cide de se rendre sur un autre navigateur, il faut \u00e0 nouveau supprimer les cookies sur ce deuxi\u00e8me navigateur.<\/p>\n<p><strong>D\u00e9sactiver les cookies<\/strong><\/p>\n<p>Vous pouvez bloquer certains ou tous les cookies, voire supprimer ceux qui ont d\u00e9j\u00e0 \u00e9t\u00e9 install\u00e9s. En revanche, cela pourra rendre moins agr\u00e9able votre visite sur nos pages.<\/p>\n<p>Si vous ne voulez pas recevoir de cookies, vous pouvez r\u00e9gler votre navigateur. Pour savoir comment proc\u00e9der, consultez les sites en lien ci-dessous en fonction de votre type de navigateur :\u00a0<a href=\"https:\/\/support.mozilla.org\/fr\/kb\/activer-desactiver-cookies\" target=\"_blank\" rel=\"noopener noreferrer\">Firefox<\/a>\u00a0\u2013\u00a0<a href=\"https:\/\/support.google.com\/chrome\/answer\/95647?hl=fr\" target=\"_blank\" rel=\"noopener noreferrer\">Chrome<\/a>\u00a0 \u2013\u00a0<a href=\"http:\/\/windows.microsoft.com\/fr-FR\/internet-explorer\/delete-manage-cookies#ie=ie-9\" target=\"_blank\" rel=\"noopener noreferrer\">Explorer<\/a>\u00a0 \u2013\u00a0<a href=\"http:\/\/support.apple.com\/kb\/PH17191?viewlocale=fr_FR\" target=\"_blank\" rel=\"noopener noreferrer\">Safari<\/a>\u00a0 \u2013\u00a0<a href=\"http:\/\/help.opera.com\/Windows\/10.20\/fr\/cookies.html\" target=\"_blank\" rel=\"noopener noreferrer\">Opera<\/a>\u00a0 \u2013\u00a0<a href=\"http:\/\/support.apple.com\/kb\/HT1677?viewlocale=fr_FR\" target=\"_blank\" rel=\"noopener noreferrer\">iOS<\/a>\u00a0\u2013\u00a0<a href=\"http:\/\/www.wikihow.com\/Disable-Cookies#Android_Devices\" target=\"_blank\" rel=\"noopener noreferrer\">Android<\/a>\u00a0\u2013\u00a0<a href=\"http:\/\/docs.blackberry.com\/en\/smartphone_users\/deliverables\/32004\/Turn_off_cookies_in_the_browser_60_1072866_11.jsp\" target=\"_blank\" rel=\"noopener noreferrer\">Blackberry<\/a>\u00a0\u2013\u00a0<a href=\"http:\/\/docs.blackberry.com\/en\/smartphone_users\/deliverables\/32004\/Turn_off_cookies_in_the_browser_60_1072866_11.jsp\" target=\"_blank\" rel=\"noopener noreferrer\">Windows Phone<\/a><\/p>\n<p><strong>D\u00e9charge de responsabilit\u00e9\u00a0<\/strong><\/p>\n<p>Les sites ext\u00e9rieurs \u00e0 Alliance VITA ayant un lien hypertexte avec le pr\u00e9sent site ne sont pas sous le contr\u00f4le de Alliance VITA qui d\u00e9cline par cons\u00e9quent toute responsabilit\u00e9 quant \u00e0 leur contenu.<\/p>\n<p>Alliance VITA d\u00e9cline \u00e9galement toute responsabilit\u00e9 en cas de difficult\u00e9 d\u2019acc\u00e8s ou d\u2019interruption dans la connexion.<\/p>\n<p>En outre, Alliance VITA se r\u00e9serve le droit, pour toutes raisons et \u00e0 sa seule discr\u00e9tion, de r\u00e9silier, modifier, suspendre ou interrompre l\u2019acc\u00e8s \u00e0 tout ou partie de <a href=\"http:\/\/alliancevita.org\/\">alliancevita.org<\/a>, sans avis pr\u00e9alable<\/p>\n<p>&nbsp;<\/p>\n","protected":false},"excerpt":{"rendered":"<p>Le projet Parlons la mort&#8230;pour la vie a \u00e9t\u00e9 initi\u00e9 par Alliance VITA et SOS fin de vie en mai 2014. Le site www.parlonslamort.fr est anim\u00e9 par Alliance VITA. Mentions l\u00e9gales :\u00a0 Le site www.parlonslamort.fr est une site \u00e9v\u00e9nementiel qui donne la parole aux personnes qui le souhaitent, sous la forme de photo portrait avec &hellip; <a href=\"https:\/\/www.parlonslamort.fr\/?page_id=566\" class=\"more-link\">Continuer la lecture de <span class=\"screen-reader-text\">Mentions l\u00e9gales<\/span> <span class=\"meta-nav\">&rarr;<\/span><\/a><\/p>\n","protected":false},"author":3,"featured_media":0,"parent":0,"menu_order":14,"comment_status":"open","ping_status":"open","template":"","meta":{"footnotes":""},"class_list":["post-566","page","type-page","status-publish","hentry"],"yoast_head":"<!-- This site is optimized with the Yoast SEO plugin v23.4 - https:\/\/yoast.com\/wordpress\/plugins\/seo\/ -->\n<title>Mentions l\u00e9gales - Parlons la Mort<\/title>\n<meta name=\"robots\" content=\"index, follow, max-snippet:-1, max-image-preview:large, max-video-preview:-1\" \/>\n<link rel=\"canonical\" href=\"https:\/\/www.parlonslamort.fr\/?page_id=566\" \/>\n<meta property=\"og:locale\" content=\"fr_FR\" \/>\n<meta property=\"og:type\" content=\"article\" \/>\n<meta property=\"og:title\" content=\"Mentions l\u00e9gales - Parlons la Mort\" \/>\n<meta property=\"og:description\" content=\"Le projet Parlons la mort&#8230;pour la vie a \u00e9t\u00e9 initi\u00e9 par Alliance VITA et SOS fin de vie en mai 2014. Le site www.parlonslamort.fr est anim\u00e9 par Alliance VITA. Mentions l\u00e9gales :\u00a0 Le site www.parlonslamort.fr est une site \u00e9v\u00e9nementiel qui donne la parole aux personnes qui le souhaitent, sous la forme de photo portrait avec &hellip; Continuer la lecture de Mentions l\u00e9gales &rarr;\" \/>\n<meta property=\"og:url\" content=\"https:\/\/www.parlonslamort.fr\/?page_id=566\" \/>\n<meta property=\"og:site_name\" content=\"Parlons la Mort\" \/>\n<meta property=\"article:publisher\" content=\"https:\/\/www.facebook.com\/parlonslamort\" \/>\n<meta property=\"article:modified_time\" content=\"2019-08-09T13:55:43+00:00\" \/>\n<meta property=\"og:image\" content=\"https:\/\/www.parlonslamort.fr\/wp-content\/uploads\/2014\/05\/parlonslamort.jpg\" \/>\n\t<meta property=\"og:image:width\" content=\"500\" \/>\n\t<meta property=\"og:image:height\" content=\"500\" \/>\n\t<meta property=\"og:image:type\" content=\"image\/jpeg\" \/>\n<meta name=\"twitter:label1\" content=\"Dur\u00e9e de lecture estim\u00e9e\" \/>\n\t<meta name=\"twitter:data1\" content=\"6 minutes\" \/>\n<script type=\"application\/ld+json\" class=\"yoast-schema-graph\">{\"@context\":\"https:\/\/schema.org\",\"@graph\":[{\"@type\":\"WebPage\",\"@id\":\"https:\/\/www.parlonslamort.fr\/?page_id=566\",\"url\":\"https:\/\/www.parlonslamort.fr\/?page_id=566\",\"name\":\"Mentions l\u00e9gales - Parlons la Mort\",\"isPartOf\":{\"@id\":\"https:\/\/www.parlonslamort.fr\/#website\"},\"datePublished\":\"2014-10-20T19:49:28+00:00\",\"dateModified\":\"2019-08-09T13:55:43+00:00\",\"breadcrumb\":{\"@id\":\"https:\/\/www.parlonslamort.fr\/?page_id=566#breadcrumb\"},\"inLanguage\":\"fr-FR\",\"potentialAction\":[{\"@type\":\"ReadAction\",\"target\":[\"https:\/\/www.parlonslamort.fr\/?page_id=566\"]}]},{\"@type\":\"BreadcrumbList\",\"@id\":\"https:\/\/www.parlonslamort.fr\/?page_id=566#breadcrumb\",\"itemListElement\":[{\"@type\":\"ListItem\",\"position\":1,\"name\":\"Accueil\",\"item\":\"https:\/\/www.parlonslamort.fr\/\"},{\"@type\":\"ListItem\",\"position\":2,\"name\":\"Mentions l\u00e9gales\"}]},{\"@type\":\"WebSite\",\"@id\":\"https:\/\/www.parlonslamort.fr\/#website\",\"url\":\"https:\/\/www.parlonslamort.fr\/\",\"name\":\"Parlons la Mort\",\"description\":\"Qu&#039;est-ce que la mort nous dit de la vie ?\",\"potentialAction\":[{\"@type\":\"SearchAction\",\"target\":{\"@type\":\"EntryPoint\",\"urlTemplate\":\"https:\/\/www.parlonslamort.fr\/?s={search_term_string}\"},\"query-input\":{\"@type\":\"PropertyValueSpecification\",\"valueRequired\":true,\"valueName\":\"search_term_string\"}}],\"inLanguage\":\"fr-FR\"}]}<\/script>\n<!-- \/ Yoast SEO plugin. -->","yoast_head_json":{"title":"Mentions l\u00e9gales - Parlons la Mort","robots":{"index":"index","follow":"follow","max-snippet":"max-snippet:-1","max-image-preview":"max-image-preview:large","max-video-preview":"max-video-preview:-1"},"canonical":"https:\/\/www.parlonslamort.fr\/?page_id=566","og_locale":"fr_FR","og_type":"article","og_title":"Mentions l\u00e9gales - Parlons la Mort","og_description":"Le projet Parlons la mort&#8230;pour la vie a \u00e9t\u00e9 initi\u00e9 par Alliance VITA et SOS fin de vie en mai 2014. Le site www.parlonslamort.fr est anim\u00e9 par Alliance VITA. Mentions l\u00e9gales :\u00a0 Le site www.parlonslamort.fr est une site \u00e9v\u00e9nementiel qui donne la parole aux personnes qui le souhaitent, sous la forme de photo portrait avec &hellip; Continuer la lecture de Mentions l\u00e9gales &rarr;","og_url":"https:\/\/www.parlonslamort.fr\/?page_id=566","og_site_name":"Parlons la Mort","article_publisher":"https:\/\/www.facebook.com\/parlonslamort","article_modified_time":"2019-08-09T13:55:43+00:00","og_image":[{"width":500,"height":500,"url":"https:\/\/www.parlonslamort.fr\/wp-content\/uploads\/2014\/05\/parlonslamort.jpg","type":"image\/jpeg"}],"twitter_misc":{"Dur\u00e9e de lecture estim\u00e9e":"6 minutes"},"schema":{"@context":"https:\/\/schema.org","@graph":[{"@type":"WebPage","@id":"https:\/\/www.parlonslamort.fr\/?page_id=566","url":"https:\/\/www.parlonslamort.fr\/?page_id=566","name":"Mentions l\u00e9gales - Parlons la Mort","isPartOf":{"@id":"https:\/\/www.parlonslamort.fr\/#website"},"datePublished":"2014-10-20T19:49:28+00:00","dateModified":"2019-08-09T13:55:43+00:00","breadcrumb":{"@id":"https:\/\/www.parlonslamort.fr\/?page_id=566#breadcrumb"},"inLanguage":"fr-FR","potentialAction":[{"@type":"ReadAction","target":["https:\/\/www.parlonslamort.fr\/?page_id=566"]}]},{"@type":"BreadcrumbList","@id":"https:\/\/www.parlonslamort.fr\/?page_id=566#breadcrumb","itemListElement":[{"@type":"ListItem","position":1,"name":"Accueil","item":"https:\/\/www.parlonslamort.fr\/"},{"@type":"ListItem","position":2,"name":"Mentions l\u00e9gales"}]},{"@type":"WebSite","@id":"https:\/\/www.parlonslamort.fr\/#website","url":"https:\/\/www.parlonslamort.fr\/","name":"Parlons la Mort","description":"Qu&#039;est-ce que la mort nous dit de la vie ?","potentialAction":[{"@type":"SearchAction","target":{"@type":"EntryPoint","urlTemplate":"https:\/\/www.parlonslamort.fr\/?s={search_term_string}"},"query-input":{"@type":"PropertyValueSpecification","valueRequired":true,"valueName":"search_term_string"}}],"inLanguage":"fr-FR"}]}},"_links":{"self":[{"href":"https:\/\/www.parlonslamort.fr\/index.php?rest_route=\/wp\/v2\/pages\/566"}],"collection":[{"href":"https:\/\/www.parlonslamort.fr\/index.php?rest_route=\/wp\/v2\/pages"}],"about":[{"href":"https:\/\/www.parlonslamort.fr\/index.php?rest_route=\/wp\/v2\/types\/page"}],"author":[{"embeddable":true,"href":"https:\/\/www.parlonslamort.fr\/index.php?rest_route=\/wp\/v2\/users\/3"}],"replies":[{"embeddable":true,"href":"https:\/\/www.parlonslamort.fr\/index.php?rest_route=%2Fwp%2Fv2%2Fcomments&post=566"}],"version-history":[{"count":5,"href":"https:\/\/www.parlonslamort.fr\/index.php?rest_route=\/wp\/v2\/pages\/566\/revisions"}],"predecessor-version":[{"id":856,"href":"https:\/\/www.parlonslamort.fr\/index.php?rest_route=\/wp\/v2\/pages\/566\/revisions\/856"}],"wp:attachment":[{"href":"https:\/\/www.parlonslamort.fr\/index.php?rest_route=%2Fwp%2Fv2%2Fmedia&parent=566"}],"curies":[{"name":"wp","href":"https:\/\/api.w.org\/{rel}","templated":true}]}}