{"id":5,"date":"2014-04-30T13:11:58","date_gmt":"2014-04-30T12:11:58","guid":{"rendered":"http:\/\/parlons.sosfindevie.org\/?page_id=5"},"modified":"2023-05-04T18:15:26","modified_gmt":"2023-05-04T17:15:26","slug":"la-campagne-parlons-la-mort","status":"publish","type":"page","link":"https:\/\/www.parlonslamort.fr\/?page_id=5","title":{"rendered":"La campagne"},"content":{"rendered":"<div class=\"su-row\">\n<div class=\"su-column su-column-size-1-2\"><div class=\"su-column-inner su-u-clearfix su-u-trim\">\n<p>En mai et juin 2014, Alliance VITA a propos\u00e9 \u00e0 ses \u00e9quipes de b\u00e9n\u00e9voles de conduire une enqu\u00eate sur la perception de la mort. Partout en France, dans la rue, des volontaires sont all\u00e9s \u00e0 la rencontre des gens. Avec l\u2019id\u00e9e que parler de la mort peut \u00eatre positif, que cela peut lib\u00e9rer des forces de vie, ils ont \u00e9cout\u00e9 des passants parler de ce que mort d\u2019un proche a \u00e9veill\u00e9 ou touch\u00e9 en eux.<!--more--><\/p>\n<p>A l\u2019issue de ces \u00ab\u00a0conversations essentielles\u00a0\u00bb, les personnes \u00e9cout\u00e9es \u00e9taient invit\u00e9es \u00e0 \u00e9crire leur \u00ab\u00a0verbatim\u00a0\u00bb personnel sur des losanges en papier, le losange pouvant \u00eatre vu comme un signe de vie, d\u2019\u00e9change et de transmission. Au total, plus de 1000 verbatim ont ainsi \u00e9t\u00e9 recueillis. Publi\u00e9s sur les r\u00e9seaux sociaux, ils ont aliment\u00e9 la r\u00e9flexion et les \u00e9changes sur un sujet tr\u00e8s souvent occult\u00e9.<\/p>\n<p>Photographi\u00e9es dans la rue, des personnes tr\u00e8s diverses nous partagent leur exp\u00e9rience personnelle d\u2019un \u00e9v\u00e8nement universel, la mort d\u2019un proche. Elles nous parlent de fragilit\u00e9, de larmes mais aussi de pr\u00e9sence \u00e0 l\u2019autre, de paix, d\u2019amour et de vie.<\/p>\n<p>Ces verbatim nous disent \u00e9galement que parler de la mort aide \u00e0 mieux vivre. Un travail de lib\u00e9ration semble s\u2019\u00e9difier quand la mort est mise en mots. Les personnes \u00e9cout\u00e9es ont bien souvent exprim\u00e9 leur joie et leur gratitude de pouvoir parler d\u2019un sujet si difficile.<\/p>\n<p>Pour les volontaires VITA eux-m\u00eames, la participation \u00e0 cette campagne \u2018\u2019<em>Parlons la mort<\/em>\u2019\u2019, \u00e0 travers l\u2019\u00e9coute et le recueil des t\u00e9moignages, fut une exp\u00e9rience riche et marquante.<\/p>\n<p>C\u2019est la richesse et la diversit\u00e9 de ces t\u00e9moignages que le site &#8220;<em>Parlons la mort&#8221;<\/em> se propose de partager. Ces images invitent le visiteur \u00e0 s\u2019arr\u00eater pour r\u00e9fl\u00e9chir, et pourquoi pas, en tirer une le\u00e7on pour sa propre vie.<\/p>\n<p><strong>\u00a0D\u00e9tails sur l\u2019organisateur\u00a0:<\/strong><\/p>\n<p><em>Alliance VITA est association fran\u00e7aise fond\u00e9e en 1993. Elle aide les personnes confront\u00e9es \u00e0 des \u00e9preuves de la vie et sensibilise \u00e0 la protection de la vie et de la dignit\u00e9 humaine \u00e0 travers des services d\u2019\u00e9coute (dont SOS Fin de vie) et des actions de sensibilisation.<\/em><\/p>\n<\/div><\/div>\n<div class=\"su-column su-column-size-1-2\"><div class=\"su-column-inner su-u-clearfix su-u-trim\"> <!--W4PL_List_619-->\n<div id=\"w4pl-list-619\" class=\"w4pl\">\n\t<div id=\"w4pl-inner-619\" class=\"w4pl-inner\">\n\t\t<div class=\"decrypt-list\">\r\n<h2><a href=\"https:\/\/www.parlonslamort.fr\/?page_id=623\" ><a class=\"post_title w4pl_post_title\" href=\"https:\/\/www.parlonslamort.fr\/?page_id=623\" title=\"View Liste des expositions dans toute la France\">Liste des expositions dans toute la France<\/a><\/a><\/h2>\r\n<a href=\"https:\/\/www.parlonslamort.fr\/?page_id=623\"><img loading=\"lazy\" decoding=\"async\" width=\"500\" height=\"500\" src=\"https:\/\/www.parlonslamort.fr\/wp-content\/uploads\/2014\/10\/exposition_parlonslamort_france.jpg\" class=\"attachment-120 size-120\" alt=\"\" size=\"120\" return=\"\" output=\"\" srcset=\"https:\/\/www.parlonslamort.fr\/wp-content\/uploads\/2014\/10\/exposition_parlonslamort_france.jpg 500w, https:\/\/www.parlonslamort.fr\/wp-content\/uploads\/2014\/10\/exposition_parlonslamort_france-150x150.jpg 150w, https:\/\/www.parlonslamort.fr\/wp-content\/uploads\/2014\/10\/exposition_parlonslamort_france-300x300.jpg 300w\" sizes=\"(max-width: 500px) 100vw, 500px\" \/><\/a>\r\n\r\n<div class=\"post-excerpt\">Cette exposition, fruit de plusieurs mois d'enqu\u00eate sur la mort aupr\u00e8s des Fran\u00e7ais, rend compte de la richesse des r\u00e9ponses\u2026<\/div><\/br>\r\n<a class=\"read_more\" href=\"https:\/\/www.parlonslamort.fr\/?page_id=623\" title=\"Lire la suite  Liste des expositions dans toute la France\">Lire la suite <\/a>\r\n<\/div>\r\n\r\n<div class=\"decrypt-list\">\r\n<h2><a href=\"https:\/\/www.parlonslamort.fr\/?page_id=657\" ><a class=\"post_title w4pl_post_title\" href=\"https:\/\/www.parlonslamort.fr\/?page_id=657\" title=\"View Qu&#8217;est ce que &#8220;parler la mort&#8221; dans notre vie ?\">Qu&#8217;est ce que &#8220;parler la mort&#8221; dans notre vie ?<\/a><\/a><\/h2>\r\n<a href=\"https:\/\/www.parlonslamort.fr\/?page_id=657\"><img loading=\"lazy\" decoding=\"async\" width=\"500\" height=\"500\" src=\"https:\/\/www.parlonslamort.fr\/wp-content\/uploads\/2014\/10\/christian_de_cacqueray.jpg\" class=\"attachment-120 size-120\" alt=\"\" size=\"120\" return=\"\" output=\"\" srcset=\"https:\/\/www.parlonslamort.fr\/wp-content\/uploads\/2014\/10\/christian_de_cacqueray.jpg 500w, https:\/\/www.parlonslamort.fr\/wp-content\/uploads\/2014\/10\/christian_de_cacqueray-150x150.jpg 150w, https:\/\/www.parlonslamort.fr\/wp-content\/uploads\/2014\/10\/christian_de_cacqueray-300x300.jpg 300w\" sizes=\"(max-width: 500px) 100vw, 500px\" \/><\/a>\r\n\r\n<div class=\"post-excerpt\">Regard de Christian de Cacqueray, auteur de \u00ab La mort confisqu\u00e9e \u00bb, sur les diff\u00e9rentes occasions de \"parler la mort\"\u2026<\/div><\/br>\r\n<a class=\"read_more\" href=\"https:\/\/www.parlonslamort.fr\/?page_id=657\" title=\"Lire la suite  Qu&#8217;est ce que &#8220;parler la mort&#8221; dans notre vie ?\">Lire la suite <\/a>\r\n<\/div>\r\n\r\n<div class=\"decrypt-list\">\r\n<h2><a href=\"https:\/\/www.parlonslamort.fr\/?page_id=667\" ><a class=\"post_title w4pl_post_title\" href=\"https:\/\/www.parlonslamort.fr\/?page_id=667\" title=\"View Pourquoi &#8220;parlons la mort&#8221; ?\">Pourquoi &#8220;parlons la mort&#8221; ?<\/a><\/a><\/h2>\r\n<a href=\"https:\/\/www.parlonslamort.fr\/?page_id=667\"><img loading=\"lazy\" decoding=\"async\" width=\"500\" height=\"500\" src=\"https:\/\/www.parlonslamort.fr\/wp-content\/uploads\/2014\/10\/tugdual_derville.jpg\" class=\"attachment-120 size-120\" alt=\"\" size=\"120\" return=\"\" output=\"\" srcset=\"https:\/\/www.parlonslamort.fr\/wp-content\/uploads\/2014\/10\/tugdual_derville.jpg 500w, https:\/\/www.parlonslamort.fr\/wp-content\/uploads\/2014\/10\/tugdual_derville-150x150.jpg 150w, https:\/\/www.parlonslamort.fr\/wp-content\/uploads\/2014\/10\/tugdual_derville-300x300.jpg 300w\" sizes=\"(max-width: 500px) 100vw, 500px\" \/><\/a>\r\n\r\n<div class=\"post-excerpt\">Nous ne pr\u00e9tendions pas lever au forceps ce que le tabou sur ce concept de \u00ab mort \u00bb a d\u2019in\u00e9vitable,\u2026<\/div><\/br>\r\n<a class=\"read_more\" href=\"https:\/\/www.parlonslamort.fr\/?page_id=667\" title=\"Lire la suite  Pourquoi &#8220;parlons la mort&#8221; ?\">Lire la suite <\/a>\r\n<\/div>\r\n\r\n<div class=\"decrypt-list\">\r\n<h2><a href=\"https:\/\/www.parlonslamort.fr\/?page_id=597\" ><a class=\"post_title w4pl_post_title\" href=\"https:\/\/www.parlonslamort.fr\/?page_id=597\" title=\"View Des mots sur des maux&#8230;\">Des mots sur des maux&#8230;<\/a><\/a><\/h2>\r\n<a href=\"https:\/\/www.parlonslamort.fr\/?page_id=597\"><img loading=\"lazy\" decoding=\"async\" width=\"500\" height=\"500\" src=\"https:\/\/www.parlonslamort.fr\/wp-content\/uploads\/2014\/10\/desmot_sur_des_mots.jpg\" class=\"attachment-120 size-120\" alt=\"\" size=\"120\" return=\"\" output=\"\" srcset=\"https:\/\/www.parlonslamort.fr\/wp-content\/uploads\/2014\/10\/desmot_sur_des_mots.jpg 500w, https:\/\/www.parlonslamort.fr\/wp-content\/uploads\/2014\/10\/desmot_sur_des_mots-150x150.jpg 150w, https:\/\/www.parlonslamort.fr\/wp-content\/uploads\/2014\/10\/desmot_sur_des_mots-300x300.jpg 300w\" sizes=\"(max-width: 500px) 100vw, 500px\" \/><\/a>\r\n\r\n<div class=\"post-excerpt\">Les personnes se r\u00e9jouissent simplement d\u2019 \u00ab avoir \u00e9t\u00e9 l\u00e0 \u00bb. Parfois \u00ab en silence \u00bb. Est-ce une fa\u00e7on de\u2026<\/div><\/br>\r\n<a class=\"read_more\" href=\"https:\/\/www.parlonslamort.fr\/?page_id=597\" title=\"Lire la suite  Des mots sur des maux&#8230;\">Lire la suite <\/a>\r\n<\/div>\r\n\r\n<div class=\"decrypt-list\">\r\n<h2><a href=\"https:\/\/www.parlonslamort.fr\/?page_id=599\" ><a class=\"post_title w4pl_post_title\" href=\"https:\/\/www.parlonslamort.fr\/?page_id=599\" title=\"View Le t\u00e9moignage \u00e9difie le t\u00e9moin\">Le t\u00e9moignage \u00e9difie le t\u00e9moin<\/a><\/a><\/h2>\r\n<a href=\"https:\/\/www.parlonslamort.fr\/?page_id=599\"><img loading=\"lazy\" decoding=\"async\" width=\"500\" height=\"500\" src=\"https:\/\/www.parlonslamort.fr\/wp-content\/uploads\/2014\/10\/t\u00e9moins_t\u00e9moignage.jpg\" class=\"attachment-120 size-120\" alt=\"\" size=\"120\" return=\"\" output=\"\" srcset=\"https:\/\/www.parlonslamort.fr\/wp-content\/uploads\/2014\/10\/t\u00e9moins_t\u00e9moignage.jpg 500w, https:\/\/www.parlonslamort.fr\/wp-content\/uploads\/2014\/10\/t\u00e9moins_t\u00e9moignage-150x150.jpg 150w, https:\/\/www.parlonslamort.fr\/wp-content\/uploads\/2014\/10\/t\u00e9moins_t\u00e9moignage-300x300.jpg 300w\" sizes=\"(max-width: 500px) 100vw, 500px\" \/><\/a>\r\n\r\n<div class=\"post-excerpt\">Ce qui a \u00e9t\u00e9 le plus difficile pour VITA, c\u2019est de surmonter nos propres peurs. Nous avons commenc\u00e9 par tester\u2026<\/div><\/br>\r\n<a class=\"read_more\" href=\"https:\/\/www.parlonslamort.fr\/?page_id=599\" title=\"Lire la suite  Le t\u00e9moignage \u00e9difie le t\u00e9moin\">Lire la suite <\/a>\r\n<\/div>\r\n\r\n<div class=\"decrypt-list\">\r\n<h2><a href=\"https:\/\/www.parlonslamort.fr\/?page_id=672\" ><a class=\"post_title w4pl_post_title\" href=\"https:\/\/www.parlonslamort.fr\/?page_id=672\" title=\"View Enqu\u00eate sur le tabou de la mort\">Enqu\u00eate sur le tabou de la mort<\/a><\/a><\/h2>\r\n<a href=\"https:\/\/www.parlonslamort.fr\/?page_id=672\"><img loading=\"lazy\" decoding=\"async\" width=\"500\" height=\"500\" src=\"https:\/\/www.parlonslamort.fr\/wp-content\/uploads\/2014\/05\/parlonslamort.jpg\" class=\"attachment-120 size-120\" alt=\"\" size=\"120\" return=\"\" output=\"\" srcset=\"https:\/\/www.parlonslamort.fr\/wp-content\/uploads\/2014\/05\/parlonslamort.jpg 500w, https:\/\/www.parlonslamort.fr\/wp-content\/uploads\/2014\/05\/parlonslamort-150x150.jpg 150w, https:\/\/www.parlonslamort.fr\/wp-content\/uploads\/2014\/05\/parlonslamort-300x300.jpg 300w\" sizes=\"(max-width: 500px) 100vw, 500px\" \/><\/a>\r\n\r\n<div class=\"post-excerpt\">Pour l\u2019homme, la conscience de sa mort est un fantastique moteur d\u2019humanisation. A l\u2019inverse, perdre de vue la mort, c\u2019est\u2026<\/div><\/br>\r\n<a class=\"read_more\" href=\"https:\/\/www.parlonslamort.fr\/?page_id=672\" title=\"Lire la suite  Enqu\u00eate sur le tabou de la mort\">Lire la suite <\/a>\r\n<\/div>\r\n\r\n<div class=\"decrypt-list\">\r\n<h2><a href=\"https:\/\/www.parlonslamort.fr\/?page_id=730\" ><a class=\"post_title w4pl_post_title\" href=\"https:\/\/www.parlonslamort.fr\/?page_id=730\" title=\"View Philippe Pozzo di Borgo\">Philippe Pozzo di Borgo<\/a><\/a><\/h2>\r\n<a href=\"https:\/\/www.parlonslamort.fr\/?page_id=730\"><img loading=\"lazy\" decoding=\"async\" width=\"500\" height=\"500\" src=\"https:\/\/www.parlonslamort.fr\/wp-content\/uploads\/2014\/10\/pozzo-di-borgo_plm.jpg\" class=\"attachment-120 size-120\" alt=\"\" size=\"120\" return=\"\" output=\"\" srcset=\"https:\/\/www.parlonslamort.fr\/wp-content\/uploads\/2014\/10\/pozzo-di-borgo_plm.jpg 500w, https:\/\/www.parlonslamort.fr\/wp-content\/uploads\/2014\/10\/pozzo-di-borgo_plm-150x150.jpg 150w, https:\/\/www.parlonslamort.fr\/wp-content\/uploads\/2014\/10\/pozzo-di-borgo_plm-300x300.jpg 300w\" sizes=\"(max-width: 500px) 100vw, 500px\" \/><\/a>\r\n\r\n<div class=\"post-excerpt\">Dans le cadre de sa campagne \"Parlons la mort\", Tugdual Derville a rencontr\u00e9 Philippe Pozzo di Borgo, t\u00e9trapl\u00e9gique dont l'histoire\u2026<\/div><\/br>\r\n<a class=\"read_more\" href=\"https:\/\/www.parlonslamort.fr\/?page_id=730\" title=\"Lire la suite  Philippe Pozzo di Borgo\">Lire la suite <\/a>\r\n<\/div>\r\n\r\n<div class=\"decrypt-list\">\r\n<h2><a href=\"https:\/\/www.parlonslamort.fr\/?page_id=735\" ><a class=\"post_title w4pl_post_title\" href=\"https:\/\/www.parlonslamort.fr\/?page_id=735\" title=\"View 10 personnalit\u00e9s sur la mort\">10 personnalit\u00e9s sur la mort<\/a><\/a><\/h2>\r\n<a href=\"https:\/\/www.parlonslamort.fr\/?page_id=735\"><img loading=\"lazy\" decoding=\"async\" width=\"500\" height=\"500\" src=\"https:\/\/www.parlonslamort.fr\/wp-content\/uploads\/2014\/10\/picasso_plm.jpg\" class=\"attachment-120 size-120\" alt=\"\" size=\"120\" return=\"\" output=\"\" srcset=\"https:\/\/www.parlonslamort.fr\/wp-content\/uploads\/2014\/10\/picasso_plm.jpg 500w, https:\/\/www.parlonslamort.fr\/wp-content\/uploads\/2014\/10\/picasso_plm-150x150.jpg 150w, https:\/\/www.parlonslamort.fr\/wp-content\/uploads\/2014\/10\/picasso_plm-300x300.jpg 300w\" sizes=\"(max-width: 500px) 100vw, 500px\" \/><\/a>\r\n\r\n<div class=\"post-excerpt\">La mort est un sujet qui nous concernent tous et sur lequel de nombreuses personnes se sont exprim\u00e9es \u00e0 travers\u2026<\/div><\/br>\r\n<a class=\"read_more\" href=\"https:\/\/www.parlonslamort.fr\/?page_id=735\" title=\"Lire la suite  10 personnalit\u00e9s sur la mort\">Lire la suite <\/a>\r\n<\/div>\n\t<\/div><!--#w4pl-inner-619-->\n<\/div><!--#w4pl-619-->\n<!--END_W4PL_List_619-->\n\u00a0<\/div><\/div>\n<\/div>\n<p>&nbsp;<\/p>\n","protected":false},"excerpt":{"rendered":"<p>En mai et juin 2014, Alliance VITA a propos\u00e9 \u00e0 ses \u00e9quipes de b\u00e9n\u00e9voles de conduire une enqu\u00eate sur la perception de la mort. Partout en France, dans la rue, des volontaires sont all\u00e9s \u00e0 la rencontre des gens. Avec l\u2019id\u00e9e que parler de la mort peut \u00eatre positif, que cela peut lib\u00e9rer des forces &hellip; <a href=\"https:\/\/www.parlonslamort.fr\/?page_id=735\" class=\"more-link\">Continuer la lecture de <span class=\"screen-reader-text\">10 personnalit\u00e9s sur la mort<\/span> <span class=\"meta-nav\">&rarr;<\/span><\/a><\/p>\n","protected":false},"author":3,"featured_media":0,"parent":0,"menu_order":13,"comment_status":"closed","ping_status":"closed","template":"sansbanner.php","meta":{"footnotes":""},"class_list":["post-5","page","type-page","status-publish","hentry"],"yoast_head":"<!-- This site is optimized with the Yoast SEO plugin v23.4 - https:\/\/yoast.com\/wordpress\/plugins\/seo\/ -->\n<title>La campagne Parlons la mort<\/title>\n<meta name=\"description\" content=\"Campagne Parlons la mort, \u00e0 travers l\u2019\u00e9coute et le recueil des t\u00e9moignages\" \/>\n<meta name=\"robots\" content=\"index, follow, max-snippet:-1, max-image-preview:large, max-video-preview:-1\" \/>\n<link rel=\"canonical\" href=\"https:\/\/www.parlonslamort.fr\/?page_id=5\" \/>\n<meta property=\"og:locale\" content=\"fr_FR\" \/>\n<meta property=\"og:type\" content=\"article\" \/>\n<meta property=\"og:title\" content=\"La campagne Parlons la mort\" \/>\n<meta property=\"og:description\" content=\"Campagne Parlons la mort, \u00e0 travers l\u2019\u00e9coute et le recueil des t\u00e9moignages\" \/>\n<meta property=\"og:url\" content=\"https:\/\/www.parlonslamort.fr\/?page_id=5\" \/>\n<meta property=\"og:site_name\" content=\"Parlons la Mort\" \/>\n<meta property=\"article:publisher\" content=\"https:\/\/www.facebook.com\/parlonslamort\" \/>\n<meta property=\"article:modified_time\" content=\"2023-05-04T17:15:26+00:00\" \/>\n<meta property=\"og:image\" content=\"https:\/\/www.parlonslamort.fr\/wp-content\/uploads\/2014\/05\/parlonslamort.jpg\" \/>\n\t<meta property=\"og:image:width\" content=\"500\" \/>\n\t<meta property=\"og:image:height\" content=\"500\" \/>\n\t<meta property=\"og:image:type\" content=\"image\/jpeg\" \/>\n<meta name=\"twitter:label1\" content=\"Dur\u00e9e de lecture estim\u00e9e\" \/>\n\t<meta name=\"twitter:data1\" content=\"2 minutes\" \/>\n<script type=\"application\/ld+json\" class=\"yoast-schema-graph\">{\"@context\":\"https:\/\/schema.org\",\"@graph\":[{\"@type\":\"WebPage\",\"@id\":\"https:\/\/www.parlonslamort.fr\/?page_id=5\",\"url\":\"https:\/\/www.parlonslamort.fr\/?page_id=5\",\"name\":\"La campagne Parlons la mort\",\"isPartOf\":{\"@id\":\"https:\/\/www.parlonslamort.fr\/#website\"},\"datePublished\":\"2014-04-30T12:11:58+00:00\",\"dateModified\":\"2023-05-04T17:15:26+00:00\",\"description\":\"Campagne Parlons la mort, \u00e0 travers l\u2019\u00e9coute et le recueil des t\u00e9moignages\",\"breadcrumb\":{\"@id\":\"https:\/\/www.parlonslamort.fr\/?page_id=5#breadcrumb\"},\"inLanguage\":\"fr-FR\",\"potentialAction\":[{\"@type\":\"ReadAction\",\"target\":[\"https:\/\/www.parlonslamort.fr\/?page_id=5\"]}]},{\"@type\":\"BreadcrumbList\",\"@id\":\"https:\/\/www.parlonslamort.fr\/?page_id=5#breadcrumb\",\"itemListElement\":[{\"@type\":\"ListItem\",\"position\":1,\"name\":\"Accueil\",\"item\":\"https:\/\/www.parlonslamort.fr\/\"},{\"@type\":\"ListItem\",\"position\":2,\"name\":\"La campagne\"}]},{\"@type\":\"WebSite\",\"@id\":\"https:\/\/www.parlonslamort.fr\/#website\",\"url\":\"https:\/\/www.parlonslamort.fr\/\",\"name\":\"Parlons la Mort\",\"description\":\"Qu&#039;est-ce que la mort nous dit de la vie ?\",\"potentialAction\":[{\"@type\":\"SearchAction\",\"target\":{\"@type\":\"EntryPoint\",\"urlTemplate\":\"https:\/\/www.parlonslamort.fr\/?s={search_term_string}\"},\"query-input\":{\"@type\":\"PropertyValueSpecification\",\"valueRequired\":true,\"valueName\":\"search_term_string\"}}],\"inLanguage\":\"fr-FR\"}]}<\/script>\n<!-- \/ Yoast SEO plugin. -->","yoast_head_json":{"title":"La campagne Parlons la mort","description":"Campagne Parlons la mort, \u00e0 travers l\u2019\u00e9coute et le recueil des t\u00e9moignages","robots":{"index":"index","follow":"follow","max-snippet":"max-snippet:-1","max-image-preview":"max-image-preview:large","max-video-preview":"max-video-preview:-1"},"canonical":"https:\/\/www.parlonslamort.fr\/?page_id=5","og_locale":"fr_FR","og_type":"article","og_title":"La campagne Parlons la mort","og_description":"Campagne Parlons la mort, \u00e0 travers l\u2019\u00e9coute et le recueil des t\u00e9moignages","og_url":"https:\/\/www.parlonslamort.fr\/?page_id=5","og_site_name":"Parlons la Mort","article_publisher":"https:\/\/www.facebook.com\/parlonslamort","article_modified_time":"2023-05-04T17:15:26+00:00","og_image":[{"width":500,"height":500,"url":"https:\/\/www.parlonslamort.fr\/wp-content\/uploads\/2014\/05\/parlonslamort.jpg","type":"image\/jpeg"}],"twitter_misc":{"Dur\u00e9e de lecture estim\u00e9e":"2 minutes"},"schema":{"@context":"https:\/\/schema.org","@graph":[{"@type":"WebPage","@id":"https:\/\/www.parlonslamort.fr\/?page_id=5","url":"https:\/\/www.parlonslamort.fr\/?page_id=5","name":"La campagne Parlons la mort","isPartOf":{"@id":"https:\/\/www.parlonslamort.fr\/#website"},"datePublished":"2014-04-30T12:11:58+00:00","dateModified":"2023-05-04T17:15:26+00:00","description":"Campagne Parlons la mort, \u00e0 travers l\u2019\u00e9coute et le recueil des t\u00e9moignages","breadcrumb":{"@id":"https:\/\/www.parlonslamort.fr\/?page_id=5#breadcrumb"},"inLanguage":"fr-FR","potentialAction":[{"@type":"ReadAction","target":["https:\/\/www.parlonslamort.fr\/?page_id=5"]}]},{"@type":"BreadcrumbList","@id":"https:\/\/www.parlonslamort.fr\/?page_id=5#breadcrumb","itemListElement":[{"@type":"ListItem","position":1,"name":"Accueil","item":"https:\/\/www.parlonslamort.fr\/"},{"@type":"ListItem","position":2,"name":"La campagne"}]},{"@type":"WebSite","@id":"https:\/\/www.parlonslamort.fr\/#website","url":"https:\/\/www.parlonslamort.fr\/","name":"Parlons la Mort","description":"Qu&#039;est-ce que la mort nous dit de la vie ?","potentialAction":[{"@type":"SearchAction","target":{"@type":"EntryPoint","urlTemplate":"https:\/\/www.parlonslamort.fr\/?s={search_term_string}"},"query-input":{"@type":"PropertyValueSpecification","valueRequired":true,"valueName":"search_term_string"}}],"inLanguage":"fr-FR"}]}},"_links":{"self":[{"href":"https:\/\/www.parlonslamort.fr\/index.php?rest_route=\/wp\/v2\/pages\/5"}],"collection":[{"href":"https:\/\/www.parlonslamort.fr\/index.php?rest_route=\/wp\/v2\/pages"}],"about":[{"href":"https:\/\/www.parlonslamort.fr\/index.php?rest_route=\/wp\/v2\/types\/page"}],"author":[{"embeddable":true,"href":"https:\/\/www.parlonslamort.fr\/index.php?rest_route=\/wp\/v2\/users\/3"}],"replies":[{"embeddable":true,"href":"https:\/\/www.parlonslamort.fr\/index.php?rest_route=%2Fwp%2Fv2%2Fcomments&post=5"}],"version-history":[{"count":7,"href":"https:\/\/www.parlonslamort.fr\/index.php?rest_route=\/wp\/v2\/pages\/5\/revisions"}],"predecessor-version":[{"id":728,"href":"https:\/\/www.parlonslamort.fr\/index.php?rest_route=\/wp\/v2\/pages\/5\/revisions\/728"}],"wp:attachment":[{"href":"https:\/\/www.parlonslamort.fr\/index.php?rest_route=%2Fwp%2Fv2%2Fmedia&parent=5"}],"curies":[{"name":"wp","href":"https:\/\/api.w.org\/{rel}","templated":true}]}}